{"id":531,"date":"2024-03-08T12:53:23","date_gmt":"2024-03-08T11:53:23","guid":{"rendered":"https:\/\/sklep.nex-group.pl\/?post_type=product&#038;p=531"},"modified":"2025-12-17T13:48:49","modified_gmt":"2025-12-17T12:48:49","slug":"zestaw-filtrow-n120","status":"publish","type":"product","link":"https:\/\/sklep.nex-group.pl\/en\/product\/zestaw-filtrow-n120\/","title":{"rendered":"Zestaw Filtr\u00f3w n120"},"content":{"rendered":"<p>Zestaw filtr\u00f3w z przeznaczeniem do maszyny NEX N120.<br \/>\nW zestawie znajduje si\u0119 :<br \/>\n&#8211; filtr powietrza zewn\u0119trzny i wewn\u0119trzny<br \/>\n&#8211; filtr oleju<br \/>\n&#8211; filtr paliwa<\/p>","protected":false},"excerpt":{"rendered":"<p>Zestaw filtr\u00f3w z przeznaczeniem do maszyny NEX N120. W zestawie znajduje si\u0119 : &#8211; filtr powietrza zewn\u0119trzny i wewn\u0119trzny &#8211; filtr oleju &#8211; filtr paliwa<\/p>","protected":false},"featured_media":603,"comment_status":"open","ping_status":"closed","template":"","meta":{"_acf_changed":false},"product_brand":[],"product_cat":[15],"product_tag":[],"class_list":{"0":"post-531","1":"product","2":"type-product","3":"status-publish","4":"has-post-thumbnail","6":"product_cat-bez-kategorii","7":"product_shipping_class-klasa-7","9":"first","10":"outofstock","11":"taxable","12":"shipping-taxable","13":"purchasable","14":"product-type-simple"},"acf":[],"_links":{"self":[{"href":"https:\/\/sklep.nex-group.pl\/en\/wp-json\/wp\/v2\/product\/531","targetHints":{"allow":["GET"]}}],"collection":[{"href":"https:\/\/sklep.nex-group.pl\/en\/wp-json\/wp\/v2\/product"}],"about":[{"href":"https:\/\/sklep.nex-group.pl\/en\/wp-json\/wp\/v2\/types\/product"}],"replies":[{"embeddable":true,"href":"https:\/\/sklep.nex-group.pl\/en\/wp-json\/wp\/v2\/comments?post=531"}],"wp:featuredmedia":[{"embeddable":true,"href":"https:\/\/sklep.nex-group.pl\/en\/wp-json\/wp\/v2\/media\/603"}],"wp:attachment":[{"href":"https:\/\/sklep.nex-group.pl\/en\/wp-json\/wp\/v2\/media?parent=531"}],"wp:term":[{"taxonomy":"product_brand","embeddable":true,"href":"https:\/\/sklep.nex-group.pl\/en\/wp-json\/wp\/v2\/product_brand?post=531"},{"taxonomy":"product_cat","embeddable":true,"href":"https:\/\/sklep.nex-group.pl\/en\/wp-json\/wp\/v2\/product_cat?post=531"},{"taxonomy":"product_tag","embeddable":true,"href":"https:\/\/sklep.nex-group.pl\/en\/wp-json\/wp\/v2\/product_tag?post=531"}],"curies":[{"name":"wp","href":"https:\/\/api.w.org\/{rel}","templated":true}]}}