{"id":533,"date":"2024-05-31T10:35:00","date_gmt":"2024-05-31T08:35:00","guid":{"rendered":"https:\/\/sklep.nex-group.pl\/?post_type=product&#038;p=533"},"modified":"2025-06-12T09:36:52","modified_gmt":"2025-06-12T07:36:52","slug":"zestaw-filtrow-n85","status":"publish","type":"product","link":"https:\/\/sklep.nex-group.pl\/en\/product\/zestaw-filtrow-n85\/","title":{"rendered":"Zestaw filtr\u00f3w n85"},"content":{"rendered":"<p>Zestaw filtr\u00f3w przeznaczony do maszyny NEX N85.<br \/>\nW zestawie znajduje si\u0119 :<br \/>\n&#8211; filtr powietrza wst\u0119pny<br \/>\n&#8211; filtr powietrza zewn\u0119trzny<br \/>\n&#8211; filtr oleju<br \/>\n&#8211; filtr paliwa<\/p>","protected":false},"excerpt":{"rendered":"<p>Zestaw filtr\u00f3w przeznaczony do maszyny NEX N85. W zestawie znajduje si\u0119 : &#8211; filtr powietrza wst\u0119pny &#8211; filtr powietrza zewn\u0119trzny &#8211; filtr oleju &#8211; filtr paliwa<\/p>","protected":false},"featured_media":711,"comment_status":"open","ping_status":"closed","template":"","meta":{"_acf_changed":false},"product_brand":[],"product_cat":[15],"product_tag":[],"class_list":{"0":"post-533","1":"product","2":"type-product","3":"status-publish","4":"has-post-thumbnail","6":"product_cat-bez-kategorii","7":"product_shipping_class-klasa-6","9":"first","10":"instock","11":"taxable","12":"shipping-taxable","13":"purchasable","14":"product-type-simple"},"acf":[],"_links":{"self":[{"href":"https:\/\/sklep.nex-group.pl\/en\/wp-json\/wp\/v2\/product\/533","targetHints":{"allow":["GET"]}}],"collection":[{"href":"https:\/\/sklep.nex-group.pl\/en\/wp-json\/wp\/v2\/product"}],"about":[{"href":"https:\/\/sklep.nex-group.pl\/en\/wp-json\/wp\/v2\/types\/product"}],"replies":[{"embeddable":true,"href":"https:\/\/sklep.nex-group.pl\/en\/wp-json\/wp\/v2\/comments?post=533"}],"wp:featuredmedia":[{"embeddable":true,"href":"https:\/\/sklep.nex-group.pl\/en\/wp-json\/wp\/v2\/media\/711"}],"wp:attachment":[{"href":"https:\/\/sklep.nex-group.pl\/en\/wp-json\/wp\/v2\/media?parent=533"}],"wp:term":[{"taxonomy":"product_brand","embeddable":true,"href":"https:\/\/sklep.nex-group.pl\/en\/wp-json\/wp\/v2\/product_brand?post=533"},{"taxonomy":"product_cat","embeddable":true,"href":"https:\/\/sklep.nex-group.pl\/en\/wp-json\/wp\/v2\/product_cat?post=533"},{"taxonomy":"product_tag","embeddable":true,"href":"https:\/\/sklep.nex-group.pl\/en\/wp-json\/wp\/v2\/product_tag?post=533"}],"curies":[{"name":"wp","href":"https:\/\/api.w.org\/{rel}","templated":true}]}}