{"id":559,"date":"2024-03-08T09:43:08","date_gmt":"2024-03-08T08:43:08","guid":{"rendered":"https:\/\/sklep.nex-group.pl\/?post_type=product&#038;p=559"},"modified":"2024-11-18T14:47:06","modified_gmt":"2024-11-18T13:47:06","slug":"mlot-hydrauliczny","status":"publish","type":"product","link":"https:\/\/sklep.nex-group.pl\/en\/product\/mlot-hydrauliczny\/","title":{"rendered":"M\u0142ot hydrauliczny"},"content":{"rendered":"<p><strong>M\u0142ot hydrauliczny 200J<\/strong><\/p>\n<p>M\u0142ot hydrauliczny kompatybilny z koparkami NEX N10\/N12. M\u0142ot hydrauliczny w po\u0142\u0105czeniu z minikopark\u0105 pozwala znacznie przy\u015bpieszy\u0107 prac\u0119, a zasi\u0119g ramienia w koparkach NEX, wynosz\u0105cy ponad 2 m, daje poczucie bezpiecze\u0144stwa. M\u0142ot \u015bwietnie si\u0119 sprawdza przy wszelkich pracach wyburzeniowych. Szczeg\u00f3ln\u0105 uwag\u0119 powinny zwr\u00f3ci\u0107 na niego firmy z bran\u017c takich jak budowlana, wyburzeniowa, kanalizacyjna czy sanitarna, kt\u00f3re dzi\u0119ki jego kompaktowym rozmiarom i du\u017cej sile uderzeniowej, b\u0119d\u0105 w stanie wykona\u0107 us\u0142ugi w najcia\u015bniejszych zakamarkach.<br \/>\nWaga ca\u0142kowita: 70kg<\/p>\n<p>&nbsp;<\/p>\n<ul>\n<li>Si\u0142a uderzenia 200J<\/li>\n<li>Wymiary: 920x360x175 mm<\/li>\n<li>Przep\u0142yw oleju hydraulicznego: 15-25 l\/min<\/li>\n<li>Ci\u015bnienie: 90-120\u00a0kg\/cm2<\/li>\n<li>Uderzenia na minut\u0119: 800-1400bmp<\/li>\n<li>\u015arednica d\u0142uta: 40mm<\/li>\n<li>Ci\u0119\u017car uderzeniowy: 0.8-2,5T<\/li>\n<\/ul>\n<p>W zestawie:<\/p>\n<p>-M\u0142ot hydrauliczny<\/p>\n<p>-Przewody hydrauliczne<\/p>\n<p>-Butla z manometrem<\/p>\n<p>-2 szt grot\u00f3w<\/p>\n<p>Kompatybilny z koparkami NEX N 10 B&amp;S, N10 diesel, N12 standard, N 12 Joy, N 12 Full, N 12 C, N 12C Pro,<\/p>\n<p>Po przerobieniu uchwyu wsp\u00f3\u0142pracuje z Koparkami:<\/p>\n<p>Yuchai YC18-9, Yuchai U20,<\/p>\n<p>Sany SY16C, SY18U, SY19C,<\/p>\n<p>CAT 300.9D, 300.9D VPS, HPU300, 301.5<\/p>\n<p>Sunward SWE08B, SWE17F,<\/p>\n<p>Takeuchi TB210R, TB 215R,<\/p>\n<p>JCB 8008CTS, 8010CTS,<\/p>\n<p>Kubota K008-5, KX016-4, KX018-4<\/p>\n<p>Yanmar SV15<\/p>\n<p>Volvo EC15E<\/p>\n<p>Komatsu PC 09-1, PC16R-3<\/p>","protected":false},"excerpt":{"rendered":"<p>M\u0142ot hydrauliczny 200J M\u0142ot hydrauliczny kompatybilny z koparkami NEX N10\/N12. M\u0142ot hydrauliczny w po\u0142\u0105czeniu z minikopark\u0105 pozwala znacznie przy\u015bpieszy\u0107 prac\u0119, a zasi\u0119g ramienia w koparkach NEX, wynosz\u0105cy ponad 2 m, daje poczucie bezpiecze\u0144stwa. M\u0142ot \u015bwietnie si\u0119 sprawdza przy wszelkich pracach wyburzeniowych. Szczeg\u00f3ln\u0105 uwag\u0119 powinny zwr\u00f3ci\u0107 na niego firmy z bran\u017c takich jak budowlana, wyburzeniowa, kanalizacyjna [&hellip;]<\/p>","protected":false},"featured_media":562,"comment_status":"open","ping_status":"closed","template":"","meta":{"_acf_changed":false},"product_brand":[],"product_cat":[32],"product_tag":[],"class_list":{"0":"post-559","1":"product","2":"type-product","3":"status-publish","4":"has-post-thumbnail","6":"product_cat-osprzet","7":"product_shipping_class-klasa-4","9":"first","10":"instock","11":"taxable","12":"shipping-taxable","13":"purchasable","14":"product-type-simple"},"acf":[],"_links":{"self":[{"href":"https:\/\/sklep.nex-group.pl\/en\/wp-json\/wp\/v2\/product\/559","targetHints":{"allow":["GET"]}}],"collection":[{"href":"https:\/\/sklep.nex-group.pl\/en\/wp-json\/wp\/v2\/product"}],"about":[{"href":"https:\/\/sklep.nex-group.pl\/en\/wp-json\/wp\/v2\/types\/product"}],"replies":[{"embeddable":true,"href":"https:\/\/sklep.nex-group.pl\/en\/wp-json\/wp\/v2\/comments?post=559"}],"wp:featuredmedia":[{"embeddable":true,"href":"https:\/\/sklep.nex-group.pl\/en\/wp-json\/wp\/v2\/media\/562"}],"wp:attachment":[{"href":"https:\/\/sklep.nex-group.pl\/en\/wp-json\/wp\/v2\/media?parent=559"}],"wp:term":[{"taxonomy":"product_brand","embeddable":true,"href":"https:\/\/sklep.nex-group.pl\/en\/wp-json\/wp\/v2\/product_brand?post=559"},{"taxonomy":"product_cat","embeddable":true,"href":"https:\/\/sklep.nex-group.pl\/en\/wp-json\/wp\/v2\/product_cat?post=559"},{"taxonomy":"product_tag","embeddable":true,"href":"https:\/\/sklep.nex-group.pl\/en\/wp-json\/wp\/v2\/product_tag?post=559"}],"curies":[{"name":"wp","href":"https:\/\/api.w.org\/{rel}","templated":true}]}}