{"id":573,"date":"2024-03-18T11:45:49","date_gmt":"2024-03-18T10:45:49","guid":{"rendered":"https:\/\/sklep.nex-group.pl\/?post_type=product&#038;p=573"},"modified":"2025-06-16T14:30:04","modified_gmt":"2025-06-16T12:30:04","slug":"smar-motul-irix-evo-lx-200-2-kartusz","status":"publish","type":"product","link":"https:\/\/sklep.nex-group.pl\/en\/product\/smar-motul-irix-evo-lx-200-2-kartusz\/","title":{"rendered":"Smar Motul IRIX EVO LX 200-2. Kartusz 400 gr"},"content":{"rendered":"<p>Smar Motul IRIX EVO LX 200-2<br \/>\npojemno\u015b\u0107 400g<\/p>\n<p>MOTUL IRIX EVO LX 200-2<\/p>\n<p>&nbsp;<\/p>\n<p>SMAR<\/p>\n<p>&nbsp;<\/p>\n<p>OPIS IRIX EVO LX 200-2 to smar opracowany na bazie z\u0142o\u017conego zag\u0119szczacza litowego i wysoko rafinowanego oleju mineralnego<\/p>\n<p>&nbsp;<\/p>\n<p>Aplikacja<\/p>\n<table>\n<tbody>\n<tr>\n<td width=\"302\">IRIX EVO LX 200-2 to smar o du\u017cej wytrzyma\u0142o\u015bci, opracowany specjalnie do d\u0142ugotrwa\u0142ego smarowania wszystkich mechanizm\u00f3w poddawanych bardzo trudnym warunkom pracy.<\/p>\n<p>&nbsp;<\/td>\n<td width=\"302\">\u25a0 \u00a0Doskona\u0142a odporno\u015b\u0107 na zu\u017cycie i dzia\u0142anie ekstremalnych ci\u015bnie\u0144.<\/p>\n<p>\u25a0 \u00a0Bardzo dobra odporno\u015b\u0107 na wod\u0119.<\/p>\n<p>\u25a0 Doskona\u0142a przyczepno\u015b\u0107.<\/p>\n<p>\u25a0 Odporno\u015b\u0107 na korozj\u0119<\/p>\n<p>&nbsp;<\/td>\n<\/tr>\n<tr>\n<td width=\"302\">IRIX EVO LX 200-2 doskonale nadaje si\u0119 do \u0142o\u017cysk \u015blizgowych, \u0142o\u017cysk tocznych, ma\u0142ych przek\u0142adni redukcyjnych, przegub\u00f3w i innych mechanizm\u00f3w nara\u017conych na wysokie temperatury i obci\u0105\u017cenia.<\/p>\n<p>&nbsp;<\/td>\n<td width=\"302\"><\/td>\n<\/tr>\n<\/tbody>\n<\/table>\n<p>Normy<\/p>\n<ul>\n<li>ISO 12924: L-XBDHB2<\/li>\n<li>DIN 51502: KPX2N-20<\/li>\n<\/ul>\n<p>&nbsp;<\/p>\n<p>Informacje Techniczne<\/p>\n<table>\n<tbody>\n<tr>\n<td width=\"226\">Charakterystyka Techniczna<\/td>\n<td width=\"76\">Jednostka<\/td>\n<td width=\"151\">Metoda<\/td>\n<td width=\"151\">IRIX EVO LX 200-2<\/td>\n<\/tr>\n<tr>\n<td width=\"226\">Baza olejowa<\/td>\n<td width=\"76\">&#8211;<\/td>\n<td width=\"151\">&#8211;<\/td>\n<td width=\"151\">Mineralny<\/td>\n<\/tr>\n<tr>\n<td width=\"226\">konsystencja<\/td>\n<td width=\"76\">&#8211;<\/td>\n<td width=\"151\">&#8211;<\/td>\n<td width=\"151\">G\u0142adka jednolita<\/td>\n<\/tr>\n<tr>\n<td width=\"226\">Kolor<\/td>\n<td width=\"76\">&#8211;<\/td>\n<td width=\"151\">wizualna<\/td>\n<td width=\"151\">zielony<\/td>\n<\/tr>\n<tr>\n<td width=\"226\">Zag\u0119szczacz<\/td>\n<td width=\"76\">&#8211;<\/td>\n<td width=\"151\">&#8211;<\/td>\n<td width=\"151\">Lithium complex<\/td>\n<\/tr>\n<tr>\n<td width=\"226\">NGLI Klasa<\/td>\n<td width=\"76\">&#8211;<\/td>\n<td width=\"151\">ASTM D217<\/td>\n<td width=\"151\">2<\/td>\n<\/tr>\n<tr>\n<td width=\"226\">Punkt Sp\u0142ywu<\/td>\n<td width=\"76\">\u00b0C<\/td>\n<td width=\"151\">IP 396<\/td>\n<td width=\"151\">240.0<\/td>\n<\/tr>\n<tr>\n<td width=\"226\">Lepko\u015b\u0107 w 40 \u00b0C<\/td>\n<td width=\"76\">mm\u00b2\/s<\/td>\n<td width=\"151\">ASTM D7152<\/td>\n<td width=\"151\">220.0<\/td>\n<\/tr>\n<tr>\n<td width=\"226\">Lepko\u015b\u0107 w 100 \u00b0 C<\/td>\n<td width=\"76\">mm\u00b2\/s<\/td>\n<td width=\"151\">ASTM D7152<\/td>\n<td width=\"151\">17.0<\/td>\n<\/tr>\n<tr>\n<td width=\"226\">Penetracja przy 60 uderzeniach<\/td>\n<td width=\"76\">1\/10 mm<\/td>\n<td width=\"151\">ISO 2137<\/td>\n<td width=\"151\">265-295<\/td>\n<\/tr>\n<tr>\n<td width=\"226\">EMCOR \u015arodowisko zasadowe<\/td>\n<td width=\"76\">&#8211;<\/td>\n<td width=\"151\">ISO 11007<\/td>\n<td width=\"151\">0-0<\/td>\n<\/tr>\n<tr>\n<td width=\"226\">EMCOR \u015arodowisko kwa\u015bne<\/td>\n<td width=\"76\">&#8211;<\/td>\n<td width=\"151\">ISO 11007<\/td>\n<td width=\"151\">&lt;2-2<\/td>\n<\/tr>\n<tr>\n<td width=\"226\">Wyp\u0142ukiwanie przez wod\u0119 w 79\u00b0 C<\/td>\n<td width=\"76\">%<\/td>\n<td width=\"151\">ISO 11009:1<\/td>\n<td width=\"151\">&lt;5<\/td>\n<\/tr>\n<tr>\n<td width=\"226\">Wyp\u0142ukiwanie przez wod\u0119 w 90 \u00b0 C<\/td>\n<td width=\"76\">&#8211;<\/td>\n<td width=\"151\">DIN 51807:1<\/td>\n<td width=\"151\">0-90<\/td>\n<\/tr>\n<tr>\n<td width=\"226\">Test z\u0142u\u017cycia 4 kulowego \u2013 test \u015blimakowy<\/td>\n<td width=\"76\">N<\/td>\n<td width=\"151\">DIN 51350 : 4<\/td>\n<td width=\"151\">3000<\/td>\n<\/tr>\n<tr>\n<td width=\"226\">Zakres temperatur<\/td>\n<td width=\"76\">&#8211;<\/td>\n<td width=\"151\">&#8211;<\/td>\n<td width=\"151\">-30 \u00b0C do 150\u00b0C<\/td>\n<\/tr>\n<\/tbody>\n<\/table>","protected":false},"excerpt":{"rendered":"<p>Smar Motul IRIX EVO LX 200-2 pojemno\u015b\u0107 400g MOTUL IRIX EVO LX 200-2 &nbsp; SMAR &nbsp; OPIS IRIX EVO LX 200-2 to smar opracowany na bazie z\u0142o\u017conego zag\u0119szczacza litowego i wysoko rafinowanego oleju mineralnego &nbsp; Aplikacja IRIX EVO LX 200-2 to smar o du\u017cej wytrzyma\u0142o\u015bci, opracowany specjalnie do d\u0142ugotrwa\u0142ego smarowania wszystkich mechanizm\u00f3w poddawanych bardzo trudnym [&hellip;]<\/p>","protected":false},"featured_media":574,"comment_status":"open","ping_status":"closed","template":"","meta":{"_acf_changed":false},"product_brand":[],"product_cat":[15],"product_tag":[],"class_list":{"0":"post-573","1":"product","2":"type-product","3":"status-publish","4":"has-post-thumbnail","6":"product_cat-bez-kategorii","7":"product_shipping_class-klasa-6","9":"first","10":"instock","11":"taxable","12":"shipping-taxable","13":"purchasable","14":"product-type-simple"},"acf":[],"_links":{"self":[{"href":"https:\/\/sklep.nex-group.pl\/en\/wp-json\/wp\/v2\/product\/573","targetHints":{"allow":["GET"]}}],"collection":[{"href":"https:\/\/sklep.nex-group.pl\/en\/wp-json\/wp\/v2\/product"}],"about":[{"href":"https:\/\/sklep.nex-group.pl\/en\/wp-json\/wp\/v2\/types\/product"}],"replies":[{"embeddable":true,"href":"https:\/\/sklep.nex-group.pl\/en\/wp-json\/wp\/v2\/comments?post=573"}],"wp:featuredmedia":[{"embeddable":true,"href":"https:\/\/sklep.nex-group.pl\/en\/wp-json\/wp\/v2\/media\/574"}],"wp:attachment":[{"href":"https:\/\/sklep.nex-group.pl\/en\/wp-json\/wp\/v2\/media?parent=573"}],"wp:term":[{"taxonomy":"product_brand","embeddable":true,"href":"https:\/\/sklep.nex-group.pl\/en\/wp-json\/wp\/v2\/product_brand?post=573"},{"taxonomy":"product_cat","embeddable":true,"href":"https:\/\/sklep.nex-group.pl\/en\/wp-json\/wp\/v2\/product_cat?post=573"},{"taxonomy":"product_tag","embeddable":true,"href":"https:\/\/sklep.nex-group.pl\/en\/wp-json\/wp\/v2\/product_tag?post=573"}],"curies":[{"name":"wp","href":"https:\/\/api.w.org\/{rel}","templated":true}]}}