{"id":586,"date":"2024-03-18T11:30:14","date_gmt":"2024-03-18T10:30:14","guid":{"rendered":"https:\/\/sklep.nex-group.pl\/?post_type=product&#038;p=586"},"modified":"2024-03-18T11:41:26","modified_gmt":"2024-03-18T10:41:26","slug":"smarownica-reczna","status":"publish","type":"product","link":"https:\/\/sklep.nex-group.pl\/en\/product\/smarownica-reczna\/","title":{"rendered":"smarownica r\u0119czna"},"content":{"rendered":"<p>Smarownica r\u0119czna na kartusze 400g s\u0142u\u017cy do smarowania pod ci\u015bnieniem element\u00f3w mechanicznych takich jak : sworznie, przeguby, \u0142o\u017cyska, wa\u0142y.<\/p>\n<ul>\n<li>Smarownica zosta\u0142a wykonana ze stalowego cylindra o pojemno\u015bci 400 ml, w kt\u00f3rym\u00a0pracuje t\u0142ok o nap\u0119dzie r\u0119cznym.<\/li>\n<li>T\u0142ok zosta\u0142 wykonany z wysokiej jako\u015bci gumy odpornej na d\u0142ugotrwa\u0142e dzia\u0142anie smar\u00f3w i olej\u00f3w.<\/li>\n<li>Element t\u0142oczny fi 8 poddany obr\u00f3bce cieplnej twardo\u015b\u0107 40-45 HRC.<\/li>\n<li>Wydajno\u015b\u0107 do 1,6 cm3\/skok w zale\u017cno\u015bci od temperatury i lepko\u015bci.<\/li>\n<li>Max. ci\u015bnienie 40Mpa.<\/li>\n<li>Przy\u0142\u0105cz ci\u015bnieniowy g\u0142owicy zako\u0144czony gwintem M10X1<\/li>\n<li>elastyczny przew\u00f3d smarownicy 1-360 mm.<\/li>\n<\/ul>","protected":false},"excerpt":{"rendered":"<p>Smarownica r\u0119czna na kartusze 400g s\u0142u\u017cy do smarowania pod ci\u015bnieniem element\u00f3w mechanicznych takich jak : sworznie, przeguby, \u0142o\u017cyska, wa\u0142y. Smarownica zosta\u0142a wykonana ze stalowego cylindra o pojemno\u015bci 400 ml, w kt\u00f3rym\u00a0pracuje t\u0142ok o nap\u0119dzie r\u0119cznym. T\u0142ok zosta\u0142 wykonany z wysokiej jako\u015bci gumy odpornej na d\u0142ugotrwa\u0142e dzia\u0142anie smar\u00f3w i olej\u00f3w. Element t\u0142oczny fi 8 poddany obr\u00f3bce [&hellip;]<\/p>","protected":false},"featured_media":587,"comment_status":"open","ping_status":"closed","template":"","meta":{"_acf_changed":false},"product_brand":[],"product_cat":[15],"product_tag":[],"class_list":{"0":"post-586","1":"product","2":"type-product","3":"status-publish","4":"has-post-thumbnail","6":"product_cat-bez-kategorii","7":"product_shipping_class-klasa-7","9":"first","10":"instock","11":"taxable","12":"shipping-taxable","13":"purchasable","14":"product-type-simple"},"acf":[],"_links":{"self":[{"href":"https:\/\/sklep.nex-group.pl\/en\/wp-json\/wp\/v2\/product\/586","targetHints":{"allow":["GET"]}}],"collection":[{"href":"https:\/\/sklep.nex-group.pl\/en\/wp-json\/wp\/v2\/product"}],"about":[{"href":"https:\/\/sklep.nex-group.pl\/en\/wp-json\/wp\/v2\/types\/product"}],"replies":[{"embeddable":true,"href":"https:\/\/sklep.nex-group.pl\/en\/wp-json\/wp\/v2\/comments?post=586"}],"wp:featuredmedia":[{"embeddable":true,"href":"https:\/\/sklep.nex-group.pl\/en\/wp-json\/wp\/v2\/media\/587"}],"wp:attachment":[{"href":"https:\/\/sklep.nex-group.pl\/en\/wp-json\/wp\/v2\/media?parent=586"}],"wp:term":[{"taxonomy":"product_brand","embeddable":true,"href":"https:\/\/sklep.nex-group.pl\/en\/wp-json\/wp\/v2\/product_brand?post=586"},{"taxonomy":"product_cat","embeddable":true,"href":"https:\/\/sklep.nex-group.pl\/en\/wp-json\/wp\/v2\/product_cat?post=586"},{"taxonomy":"product_tag","embeddable":true,"href":"https:\/\/sklep.nex-group.pl\/en\/wp-json\/wp\/v2\/product_tag?post=586"}],"curies":[{"name":"wp","href":"https:\/\/api.w.org\/{rel}","templated":true}]}}