{"id":610,"date":"2024-03-27T15:29:05","date_gmt":"2024-03-27T14:29:05","guid":{"rendered":"https:\/\/sklep.nex-group.pl\/?post_type=product&#038;p=610"},"modified":"2025-11-07T14:38:14","modified_gmt":"2025-11-07T13:38:14","slug":"kosiarka-bijakowa-fl130a","status":"publish","type":"product","link":"https:\/\/sklep.nex-group.pl\/en\/product\/kosiarka-bijakowa-fl130a\/","title":{"rendered":"Kosiarka bijakowa FL130A"},"content":{"rendered":"<p>Oferujemy kosiark\u0119 bijakow\u0105 NEX FL130A z nap\u0119dem hydraulicznym. Urz\u0105dzenie charakteryzuje si\u0119 bardzo trwa\u0142\u0105 konstrukcj\u0105 i \u015bwietn\u0105 jako\u015bci\u0105 wykonania. Sprawdzi si\u0119 \u015bwietnie jako kosiarka mulczuj\u0105ca a szczeg\u00f3lnie przyda si\u0119 do piel\u0119gnacji trawnik\u00f3w, teren\u00f3w zielonych z traw\u0105, krzewami, mniejszymi ga\u0142\u0119ziami i pastwiskami, wszelkie tereny o wysokim zachwaszczeniu. Bez problemu poradzi sobie z krzewami o \u015brednicy do 20 mm.<\/p>\n<p>Kosiarka wyposa\u017cona jest w 22 specjalnie zamocowane ostrza o masie 400 g ka\u017cdy, kt\u00f3re doskonale rozdrabniaj\u0105 ci\u0119ty materia\u0142. Bardzo wysoka trawa i krzaczaste nieu\u017cytki nie stanowi\u0105 problemu dla naszego urz\u0105dzenia. Dzi\u0119ki r\u00f3wnomiernemu obci\u0105\u017ceniu wa\u0142u nap\u0119dowego, podw\u00f3jny spiralny nap\u0119d wa\u0142u zapewnia wyj\u0105tkowo cich\u0105 prac\u0119 i trwa\u0142o\u015b\u0107 przy znacznie zmniejszonym zapotrzebowaniu mocy. System p\u0142ywaj\u0105cy umo\u017cliwiaj\u0105cy swobodny ruch w pionie.<br \/>\nNEX FL130 wyposa\u017cona w ci\u0119\u017cki wa\u0142 wleczony. Wysoko\u015b\u0107 koszenia mo\u017cna regulowa\u0107 za pomoc\u0105 bocznych p\u0142\u00f3z, kt\u00f3re poprawiaj\u0105 stabilno\u015b\u0107 urz\u0105dzenia.<\/p>\n<p>Parametry techniczne:<\/p>\n<p>Nap\u0119d: Hydrauliczny<br \/>\nSzeroko\u015b\u0107 robocza: 1300 mm<br \/>\nSzeroko\u015b\u0107 ca\u0142kowita: 1400 mm<br \/>\nWysoko\u015b\u0107 obudowy: 600 mm<br \/>\nPrzep\u0142yw oleju: min.30 L\/min.<br \/>\nWymagane ci\u015bnienie oleju: 180 \u2013 200 bar<br \/>\nWymagana ilo\u015b\u0107 oleju: 35 &#8211; 50 L\/min.<br \/>\nM\u0142otki: 22 sztuk<br \/>\nMocowanie: Typu AVANT, MULTIONE, CAST,<br \/>\nWaga: 305 kg<br \/>\nWymiary: 155 x 120 x 55 cm D\/S\/W<\/p>\n<p>Wysy\u0142amy maszyny gotowe do pracy<\/p>","protected":false},"excerpt":{"rendered":"<p>Oferujemy kosiark\u0119 bijakow\u0105 NEX FL130A z nap\u0119dem hydraulicznym. Urz\u0105dzenie charakteryzuje si\u0119 bardzo trwa\u0142\u0105 konstrukcj\u0105 i \u015bwietn\u0105 jako\u015bci\u0105 wykonania. Sprawdzi si\u0119 \u015bwietnie jako kosiarka mulczuj\u0105ca a szczeg\u00f3lnie przyda si\u0119 do piel\u0119gnacji trawnik\u00f3w, teren\u00f3w zielonych z traw\u0105, krzewami, mniejszymi ga\u0142\u0119ziami i pastwiskami, wszelkie tereny o wysokim zachwaszczeniu. Bez problemu poradzi sobie z krzewami o \u015brednicy do 20 [&hellip;]<\/p>","protected":false},"featured_media":612,"comment_status":"open","ping_status":"closed","template":"","meta":{"_acf_changed":false},"product_brand":[],"product_cat":[32],"product_tag":[],"class_list":{"0":"post-610","1":"product","2":"type-product","3":"status-publish","4":"has-post-thumbnail","6":"product_cat-osprzet","7":"product_shipping_class-klasa-9-285-zl-netto","9":"first","10":"instock","11":"taxable","12":"shipping-taxable","13":"purchasable","14":"product-type-simple"},"acf":[],"_links":{"self":[{"href":"https:\/\/sklep.nex-group.pl\/en\/wp-json\/wp\/v2\/product\/610","targetHints":{"allow":["GET"]}}],"collection":[{"href":"https:\/\/sklep.nex-group.pl\/en\/wp-json\/wp\/v2\/product"}],"about":[{"href":"https:\/\/sklep.nex-group.pl\/en\/wp-json\/wp\/v2\/types\/product"}],"replies":[{"embeddable":true,"href":"https:\/\/sklep.nex-group.pl\/en\/wp-json\/wp\/v2\/comments?post=610"}],"wp:featuredmedia":[{"embeddable":true,"href":"https:\/\/sklep.nex-group.pl\/en\/wp-json\/wp\/v2\/media\/612"}],"wp:attachment":[{"href":"https:\/\/sklep.nex-group.pl\/en\/wp-json\/wp\/v2\/media?parent=610"}],"wp:term":[{"taxonomy":"product_brand","embeddable":true,"href":"https:\/\/sklep.nex-group.pl\/en\/wp-json\/wp\/v2\/product_brand?post=610"},{"taxonomy":"product_cat","embeddable":true,"href":"https:\/\/sklep.nex-group.pl\/en\/wp-json\/wp\/v2\/product_cat?post=610"},{"taxonomy":"product_tag","embeddable":true,"href":"https:\/\/sklep.nex-group.pl\/en\/wp-json\/wp\/v2\/product_tag?post=610"}],"curies":[{"name":"wp","href":"https:\/\/api.w.org\/{rel}","templated":true}]}}