{"id":639,"date":"2024-04-16T14:38:55","date_gmt":"2024-04-16T12:38:55","guid":{"rendered":"https:\/\/sklep.nex-group.pl\/?post_type=product&#038;p=639"},"modified":"2025-11-04T15:22:39","modified_gmt":"2025-11-04T14:22:39","slug":"olej-rimula-r4-l-15w-40","status":"publish","type":"product","link":"https:\/\/sklep.nex-group.pl\/en\/product\/olej-rimula-r4-l-15w-40\/","title":{"rendered":"Olej  Rimula  R4 L        15W-40       5L"},"content":{"rendered":"<p>Olej Shell Rimula R4 L zawiera niskopopio\u0142owe dodatki zabezpieczacj\u0105ce pracujace w najci\u0119\u017cszych warunkach elementy silnik\u00f3w niskoemisyjnych. Zabezpieczajaca moc jest dodatkowo wzmocniona dzi\u0119ki zastosowaniu wysokiej czysto\u015bci oleju bazowego grupy drugiej ,co dodatkowo zapewnia zwi\u0119kszenie aktywno\u015bci dodatk\u00f3w. Zapewnia to znacznie lepsze zabezpieczenia przed zuzyciem, tworzeniem sie osad\u00f3w oraz zwiekszon\u0105 odporno\u015b\u0107 na rozk\u0142ad termiczny.<\/p>\n<p>Niskopopio\u0142owa formulacja zabezpiecza katalizatory i filtry cz\u0105stek sta\u0142ych montowane w uk\u0142adach wydechowych pojazd\u00f3w o niskiej emisji zanieczyszcze\u0144.<\/p>\n<p>Mo\u017ce by\u0107 stosowany w silnikach spe\u0142niaj\u0105cych normy ograniczenia emisji zanieczyszcze\u0144 na poziomie Euro 4, 5, US 2007 jak r\u00f3wnie\u017c do starszych modeli. Odpowiedni do stosowania w urz\u0105dzeniach rolniczych i maszynach budowlanych.<\/p>","protected":false},"excerpt":{"rendered":"<p>Olej Shell Rimula R4 L zawiera niskopopio\u0142owe dodatki zabezpieczacj\u0105ce pracujace w najci\u0119\u017cszych warunkach elementy silnik\u00f3w niskoemisyjnych. Zabezpieczajaca moc jest dodatkowo wzmocniona dzi\u0119ki zastosowaniu wysokiej czysto\u015bci oleju bazowego grupy drugiej ,co dodatkowo zapewnia zwi\u0119kszenie aktywno\u015bci dodatk\u00f3w. Zapewnia to znacznie lepsze zabezpieczenia przed zuzyciem, tworzeniem sie osad\u00f3w oraz zwiekszon\u0105 odporno\u015b\u0107 na rozk\u0142ad termiczny. Niskopopio\u0142owa formulacja zabezpiecza katalizatory [&hellip;]<\/p>","protected":false},"featured_media":641,"comment_status":"open","ping_status":"closed","template":"","meta":{"_acf_changed":false},"product_brand":[],"product_cat":[15,17],"product_tag":[],"class_list":{"0":"post-639","1":"product","2":"type-product","3":"status-publish","4":"has-post-thumbnail","6":"product_cat-bez-kategorii","7":"product_cat-czesci-zamienne","8":"product_shipping_class-klasa-7","10":"first","11":"instock","12":"taxable","13":"shipping-taxable","14":"purchasable","15":"product-type-simple"},"acf":[],"_links":{"self":[{"href":"https:\/\/sklep.nex-group.pl\/en\/wp-json\/wp\/v2\/product\/639","targetHints":{"allow":["GET"]}}],"collection":[{"href":"https:\/\/sklep.nex-group.pl\/en\/wp-json\/wp\/v2\/product"}],"about":[{"href":"https:\/\/sklep.nex-group.pl\/en\/wp-json\/wp\/v2\/types\/product"}],"replies":[{"embeddable":true,"href":"https:\/\/sklep.nex-group.pl\/en\/wp-json\/wp\/v2\/comments?post=639"}],"wp:featuredmedia":[{"embeddable":true,"href":"https:\/\/sklep.nex-group.pl\/en\/wp-json\/wp\/v2\/media\/641"}],"wp:attachment":[{"href":"https:\/\/sklep.nex-group.pl\/en\/wp-json\/wp\/v2\/media?parent=639"}],"wp:term":[{"taxonomy":"product_brand","embeddable":true,"href":"https:\/\/sklep.nex-group.pl\/en\/wp-json\/wp\/v2\/product_brand?post=639"},{"taxonomy":"product_cat","embeddable":true,"href":"https:\/\/sklep.nex-group.pl\/en\/wp-json\/wp\/v2\/product_cat?post=639"},{"taxonomy":"product_tag","embeddable":true,"href":"https:\/\/sklep.nex-group.pl\/en\/wp-json\/wp\/v2\/product_tag?post=639"}],"curies":[{"name":"wp","href":"https:\/\/api.w.org\/{rel}","templated":true}]}}