{"id":716,"date":"2024-06-04T12:15:27","date_gmt":"2024-06-04T10:15:27","guid":{"rendered":"https:\/\/sklep.nex-group.pl\/?post_type=product&#038;p=716"},"modified":"2025-12-05T15:22:37","modified_gmt":"2025-12-05T14:22:37","slug":"nex-n10","status":"publish","type":"product","link":"https:\/\/sklep.nex-group.pl\/en\/product\/nex-n10\/","title":{"rendered":"NEX N10 KOOP DIESEL"},"content":{"rendered":"<p><strong>NEX N10<\/strong>\u00a0jest solidn\u0105 mini kopark\u0105 stworzon\u0105 do prac fundamentowych, ogrodzeniowych, przy\u0142\u0105czeniowych i ogrodowych. Ma\u0142e rozmiary i prosta konstrukcja sprawiaj\u0105, \u017ce urz\u0105dzenie jest \u0142atwe w obs\u0142udze i serwisie. Kompaktowa budowa i sk\u0142adany dach umo\u017cliwiaj\u0105 transport koparki w przedziale \u0142adunkowym standardowego busa do 3.5t.<\/p>\n<h2 style=\"color: #f9c60a;\">SPECYFIKACJA<\/h2>\n<p>Model:<strong>\u00a0N 10<\/strong><br \/>\nMarka:\u00a0<strong>NEX<\/strong><br \/>\nCi\u0119\u017car roboczy:\u00a0<strong>1100kg<\/strong><br \/>\nSilnik:\u00a0<strong>KOOP\u00a0<\/strong><br \/>\nMoc silnika:<strong> 7 KW\u00a0<\/strong><br \/>\nCi\u015bnienie hydruliczne:\u00a0<strong>18mpa<\/strong><br \/>\nPr\u0119dko\u015b\u0107 podr\u00f3\u017cna:<strong>\u00a01,5km\/h<\/strong><br \/>\nStandardowa \u0142y\u017cka:\u00a0<strong>400mm\/0,025m3<\/strong><\/p>\n<h2 style=\"color: #f9c60a;\">WYMIARY<\/h2>\n<div class=\"elementor-element elementor-element-231ff2f dc-has-condition dc-condition-empty ob-has-background-overlay elementor-widget elementor-widget-toggle\" data-id=\"231ff2f\" data-element_type=\"widget\" data-settings=\"{&quot;_ob_widget_stalker_use&quot;:&quot;no&quot;,&quot;_ob_poopart_use&quot;:&quot;yes&quot;,&quot;_ob_shadough_use&quot;:&quot;no&quot;,&quot;_ob_allow_hoveranimator&quot;:&quot;no&quot;}\" data-widget_type=\"toggle.default\">\n<div class=\"elementor-widget-container\">\n<div class=\"elementor-toggle\">\n<div class=\"elementor-toggle-item\">\n<div id=\"elementor-tab-content-3681\" class=\"elementor-tab-content elementor-clearfix elementor-active\" role=\"region\" data-tab=\"1\" aria-labelledby=\"elementor-tab-title-3681\">\n<p>Wymiary transportowe:\u00a0<strong>3000\u00a0 x 1000 x 1600 mm<\/strong><br \/>\nD\u0142ugo\u015b\u0107 toru:\u00a0<strong>1230mm<\/strong><br \/>\nSzeroko\u015b\u0107 podwozia:\u00a0<strong>950mm<\/strong><br \/>\nSzeroko\u015b\u0107 g\u0105sienicy:\u00a0<strong>180mm<\/strong><br \/>\nPromie\u0144 obrotu:\u00a0<strong>784mm<\/strong><\/p>\n<\/div>\n<\/div>\n<\/div>\n<\/div>\n<\/div>\n<div class=\"elementor-element elementor-element-984372d dc-has-condition dc-condition-empty ob-has-background-overlay elementor-widget elementor-widget-toggle\" data-id=\"984372d\" data-element_type=\"widget\" data-settings=\"{&quot;_ob_widget_stalker_use&quot;:&quot;no&quot;,&quot;_ob_poopart_use&quot;:&quot;yes&quot;,&quot;_ob_shadough_use&quot;:&quot;no&quot;,&quot;_ob_allow_hoveranimator&quot;:&quot;no&quot;}\" data-widget_type=\"toggle.default\">\n<div class=\"elementor-widget-container\">\n<div class=\"elementor-toggle\">\n<div class=\"elementor-toggle-item\">\n<h2 style=\"color: #f9c60a;\">ZAKRES PRACY<\/h2>\n<div role=\"button\" data-tab=\"1\" aria-controls=\"elementor-tab-content-1591\" aria-expanded=\"false\">Zasi\u0119g kopania na poziomie gruntu:\u00a0<strong>2850 mm<\/strong><br \/>\nMax. g\u0142\u0119boko\u015b\u0107 kopania:\u00a0<strong>2000 mm<\/strong><br \/>\nMax. wysoko\u015b\u0107 wysi\u0119gu:\u00a0<strong>2500 mm<\/strong><br \/>\nMax. wysoko\u015b\u0107 wy\u0142adunku:\u00a0<strong>1750 mm<\/strong><br \/>\nMinimalny promie\u0144 skr\u0119tu:\u00a0<strong>1330 mm<\/strong><br \/>\nMax. wysoko\u015b\u0107 podnoszenia lemiesza:\u00a0<strong>345 mm<\/strong><br \/>\nMax. g\u0142\u0119boko\u015b\u0107 kopania lemiesza:\u00a0<strong>255 mm<\/strong><br \/>\nPromie\u0144 obrotu:\u00a0<strong>360\u00b0<\/strong><\/div>\n<div role=\"button\" data-tab=\"1\" aria-controls=\"elementor-tab-content-1591\" aria-expanded=\"false\"><\/div>\n<\/div>\n<\/div>\n<\/div>\n<\/div>\n<div role=\"button\" data-tab=\"1\" aria-controls=\"elementor-tab-content-1591\" aria-expanded=\"false\"><\/div>\n<div role=\"button\" data-tab=\"1\" aria-controls=\"elementor-tab-content-1591\" aria-expanded=\"false\"><\/div>","protected":false},"excerpt":{"rendered":"<p>NEX N10\u00a0jest solidn\u0105 mini kopark\u0105 stworzon\u0105 do prac fundamentowych, ogrodzeniowych, przy\u0142\u0105czeniowych i ogrodowych. Ma\u0142e rozmiary i prosta konstrukcja sprawiaj\u0105, \u017ce urz\u0105dzenie jest \u0142atwe w obs\u0142udze i serwisie. Kompaktowa budowa i sk\u0142adany dach umo\u017cliwiaj\u0105 transport koparki w przedziale \u0142adunkowym standardowego busa do 3.5t. SPECYFIKACJA Model:\u00a0N 10 Marka:\u00a0NEX Ci\u0119\u017car roboczy:\u00a01100kg Silnik:\u00a0KOOP\u00a0 Moc silnika: 7 KW\u00a0 Ci\u015bnienie hydruliczne:\u00a018mpa [&hellip;]<\/p>","protected":false},"featured_media":717,"comment_status":"open","ping_status":"closed","template":"","meta":{"_acf_changed":false},"product_brand":[],"product_cat":[46],"product_tag":[],"class_list":{"0":"post-716","1":"product","2":"type-product","3":"status-publish","4":"has-post-thumbnail","6":"product_cat-mini-koparki","8":"first","9":"onbackorder","10":"sale","11":"taxable","12":"shipping-taxable","13":"purchasable","14":"product-type-simple"},"acf":[],"_links":{"self":[{"href":"https:\/\/sklep.nex-group.pl\/en\/wp-json\/wp\/v2\/product\/716","targetHints":{"allow":["GET"]}}],"collection":[{"href":"https:\/\/sklep.nex-group.pl\/en\/wp-json\/wp\/v2\/product"}],"about":[{"href":"https:\/\/sklep.nex-group.pl\/en\/wp-json\/wp\/v2\/types\/product"}],"replies":[{"embeddable":true,"href":"https:\/\/sklep.nex-group.pl\/en\/wp-json\/wp\/v2\/comments?post=716"}],"wp:featuredmedia":[{"embeddable":true,"href":"https:\/\/sklep.nex-group.pl\/en\/wp-json\/wp\/v2\/media\/717"}],"wp:attachment":[{"href":"https:\/\/sklep.nex-group.pl\/en\/wp-json\/wp\/v2\/media?parent=716"}],"wp:term":[{"taxonomy":"product_brand","embeddable":true,"href":"https:\/\/sklep.nex-group.pl\/en\/wp-json\/wp\/v2\/product_brand?post=716"},{"taxonomy":"product_cat","embeddable":true,"href":"https:\/\/sklep.nex-group.pl\/en\/wp-json\/wp\/v2\/product_cat?post=716"},{"taxonomy":"product_tag","embeddable":true,"href":"https:\/\/sklep.nex-group.pl\/en\/wp-json\/wp\/v2\/product_tag?post=716"}],"curies":[{"name":"wp","href":"https:\/\/api.w.org\/{rel}","templated":true}]}}