{"id":731,"date":"2024-06-04T12:16:36","date_gmt":"2024-06-04T10:16:36","guid":{"rendered":"https:\/\/sklep.nex-group.pl\/?post_type=product&#038;p=731"},"modified":"2025-12-08T13:23:08","modified_gmt":"2025-12-08T12:23:08","slug":"nex-n12","status":"publish","type":"product","link":"https:\/\/sklep.nex-group.pl\/en\/product\/nex-n12\/","title":{"rendered":"NEX N12"},"content":{"rendered":"<p><strong>NEX N12<\/strong>\u00a0zosta\u0142a zaprojektowana i zbudowana z przeznaczeniem do najci\u0119\u017cszych prac. Dzi\u0119ki trwa\u0142ym komponentom i prostym, ekonomicznym rozwi\u0105zaniom serwisowym zapewniaj minimalny czas przestoj\u00f3w i maksymalne zyski.<\/p>\n<p>* G\u0141\u0118BOKO\u015a\u0106 KOPANIA 2 METRY &#8211; Zapraszamy do sprawdzenia na placu testowym!<\/p>\n<p>* SI\u0141OWNIK NIENARA\u017bONY NA USZKODZENIA (POSADOWIONY OD G\u00d3RY RAMIENIA)<\/p>\n<p>* SKR\u0118TNE RAMI\u0118<\/p>\n<p>* CH\u0141ODNICA OLEJU HYDRAULICZNEGO<\/p>\n<p>* \u0141ATWY DOST\u0118P SERWISOWY<\/p>\n<p>*U\u0141ATWIONE SMAROWANIE TRUDNO DOST\u0118PNYCH MIEJSC<\/p>\n<h2 id=\"elementor-tab-title-1861\" class=\"elementor-tab-title elementor-active\" tabindex=\"0\" role=\"button\" data-tab=\"1\" aria-controls=\"elementor-tab-content-1861\" aria-expanded=\"true\" aria-selected=\"true\"><a class=\"elementor-toggle-title\" tabindex=\"0\">SPECYFIKACJA<\/a><\/h2>\n<div id=\"elementor-tab-content-1861\" class=\"elementor-tab-content elementor-clearfix elementor-active\" role=\"region\" data-tab=\"1\" aria-labelledby=\"elementor-tab-title-1861\">\n<p>Model:\u00a0<strong>N12<\/strong><br \/>\nMarka:\u00a0<strong>NEX<\/strong><br \/>\nWaga:\u00a0<strong>1200kg\/1300 kg (rozsuwane g\u0105sienice)<\/strong><br \/>\nPojemno\u015b\u0107 \u0142y\u017cki 400mm:\u00a0<strong>0.025cbm\/120kg<\/strong><br \/>\nSilnik:\u00a0<strong>Yanmar 3TNV70<\/strong><br \/>\nMoc:\u00a0<strong>10,3 kW<\/strong><br \/>\nPojemno\u015b\u0107 silnika:\u00a0<strong>0.854 L<\/strong><br \/>\nSzybko\u015b\u0107 przemieszczania:\u00a0<strong>1.5km\/h<br \/>\n<\/strong>Ci\u015bnienie hydruliczne:\u00a0<strong>18mpa<\/strong><\/p>\n<h2 id=\"elementor-tab-title-3681\" class=\"elementor-tab-title elementor-active\" tabindex=\"0\" role=\"button\" data-tab=\"1\" aria-controls=\"elementor-tab-content-3681\" aria-expanded=\"true\" aria-selected=\"true\"><a class=\"elementor-toggle-title\" tabindex=\"0\">WYMIARY<\/a><\/h2>\n<div id=\"elementor-tab-content-3681\" class=\"elementor-tab-content elementor-clearfix elementor-active\" role=\"region\" data-tab=\"1\" aria-labelledby=\"elementor-tab-title-3681\">\n<p>Wymiary transportowe:\u00a0<strong>3200 x 1000 x 1600mm<\/strong><br \/>\nD\u0142ugo\u015b\u0107 toru:\u00a0<strong>1230mm<\/strong><br \/>\nSzeroko\u015b\u0107 podwozia:\u00a0<strong>950\/1050mm<\/strong><br \/>\nSzeroko\u015b\u0107 g\u0105sienicy:\u00a0<strong>180mm<\/strong><br \/>\nPromie\u0144 obrotu:\u00a0<strong>784mm<\/strong><\/p>\n<h2 id=\"elementor-tab-title-1591\" class=\"elementor-tab-title elementor-active\" tabindex=\"0\" role=\"button\" data-tab=\"1\" aria-controls=\"elementor-tab-content-1591\" aria-expanded=\"true\" aria-selected=\"true\"><a class=\"elementor-toggle-title\" tabindex=\"0\">ZAKRES PRACY<\/a><\/h2>\n<div id=\"elementor-tab-content-1591\" class=\"elementor-tab-content elementor-clearfix elementor-active\" role=\"region\" data-tab=\"1\" aria-labelledby=\"elementor-tab-title-1591\">\n<p>Zasi\u0119g kopania na poziomie gruntu:\u00a0<strong>2850 mm<\/strong><br \/>\nMax. g\u0142\u0119boko\u015b\u0107 kopania:\u00a0<strong>2000 mm<\/strong><br \/>\nMax. wysoko\u015b\u0107 wysi\u0119gu:\u00a0<strong>2500 mm<\/strong><br \/>\nMax. wysoko\u015b\u0107 wy\u0142adunku:\u00a0<strong>1750 mm<\/strong><br \/>\nMinimalny promie\u0144 skr\u0119tu:\u00a0<strong>1330 mm<\/strong><br \/>\nMax. wysoko\u015b\u0107 podnoszenia lemiesza:\u00a0<strong>345 mm<\/strong><br \/>\nMax. g\u0142\u0119boko\u015b\u0107 kopania lemiesza:\u00a0<strong>255 mm<\/strong><br \/>\nPromie\u0144 obrotu:\u00a0<strong>360\u00b0<\/strong><\/p>\n<p>&nbsp;<\/p>\n<h2 class=\"elementor-tab-content elementor-clearfix elementor-active\"><a class=\"elementor-toggle-title\" tabindex=\"0\"><br \/>\nN12 (wersja podstawowa) &#8211; Cena : 35 900<\/a><\/h2>\n<p>&nbsp;<\/p>\n<p>cena modelu zawiera :<\/p>\n<ul>\n<li>\u0142y\u017ck\u0119 40 cm<\/li>\n<li>trzycylindrowy silnik yanmar<\/li>\n<\/ul>\n<\/div>\n<\/div>\n<div id=\"elementor-tab-content-3681\" class=\"elementor-tab-content elementor-clearfix elementor-active\" role=\"region\" data-tab=\"1\" aria-labelledby=\"elementor-tab-title-3681\">\n<div id=\"elementor-tab-content-1591\" class=\"elementor-tab-content elementor-clearfix elementor-active\" role=\"region\" data-tab=\"1\" aria-labelledby=\"elementor-tab-title-1591\">\n<h2 class=\"elementor-tab-content elementor-clearfix elementor-active\"><a class=\"elementor-toggle-title\" tabindex=\"0\"><br \/>\nN12 JOY &#8211; Cena : 43 900,00z\u0142 netto<\/a><\/h2>\n<p>&nbsp;<\/p>\n<p>cena modelu zawiera :<br \/>\n&#8211; trzysekcyjn\u0105 pomp\u0119<br \/>\n&#8211; Joysticki<br \/>\n&#8211; \u0142y\u017cka 40cm<br \/>\n&#8211; trzycylindrowy silnik yanmar<\/p>\n<h2 class=\"elementor-tab-content elementor-clearfix elementor-active\"><a class=\"elementor-toggle-title\" tabindex=\"0\"><br \/>\nN12 FULL &#8211; Cena: 49 900,00 z\u0142 netto<\/a><\/h2>\n<p>Cena zawiera model N12 FULL wyposa\u017cona w:<br \/>\n&#8211; trzysekcyjna pompa<br \/>\n&#8211; Rozsuwane podwozie<br \/>\n&#8211; Dwie pr\u0119dko\u015bci jazdy\/zwolnice<br \/>\n&#8211; Joysticki<br \/>\n&#8211; \u0142y\u017cka 40 cm<br \/>\n&#8211; trzy cylindrowy silnik yanmar<\/p>\n<\/div>\n<div role=\"button\" data-tab=\"1\" aria-controls=\"elementor-tab-content-1591\" aria-expanded=\"false\">Dost\u0119pne akcesoria do koparki:<\/div>\n<div role=\"button\" data-tab=\"1\" aria-controls=\"elementor-tab-content-1591\" aria-expanded=\"false\">-M\u0142ot wyburzeniowy<\/div>\n<div role=\"button\" data-tab=\"1\" aria-controls=\"elementor-tab-content-1591\" aria-expanded=\"false\">-Wiertnica 200 mm<\/div>\n<div role=\"button\" data-tab=\"1\" aria-controls=\"elementor-tab-content-1591\" aria-expanded=\"false\">-Wiertnica 300 mm<\/div>\n<div role=\"button\" data-tab=\"1\" aria-controls=\"elementor-tab-content-1591\" aria-expanded=\"false\">-Z\u0105b zrywaj\u0105cy<\/div>\n<div role=\"button\" data-tab=\"1\" aria-controls=\"elementor-tab-content-1591\" aria-expanded=\"false\">-Szybkoz\u0142\u0105cze<\/div>\n<div role=\"button\" data-tab=\"1\" aria-controls=\"elementor-tab-content-1591\" aria-expanded=\"false\">-\u0141y\u017cka 200 mm<\/div>\n<div role=\"button\" data-tab=\"1\" aria-controls=\"elementor-tab-content-1591\" aria-expanded=\"false\">-\u0141y\u017cka 300 mm<\/div>\n<div role=\"button\" data-tab=\"1\" aria-controls=\"elementor-tab-content-1591\" aria-expanded=\"false\">-\u0141y\u017cka 600 mm<\/div>\n<div role=\"button\" data-tab=\"1\" aria-controls=\"elementor-tab-content-1591\" aria-expanded=\"false\">-\u0141y\u017cka 600 mm przesiewowa<\/div>\n<div role=\"button\" data-tab=\"1\" aria-controls=\"elementor-tab-content-1591\" aria-expanded=\"false\">-\u0141y\u017cka 800 mm<\/div>\n<div role=\"button\" data-tab=\"1\" aria-controls=\"elementor-tab-content-1591\" aria-expanded=\"false\">-\u0141y\u017cka 800 mm hydrauliczna<\/div>\n<div role=\"button\" data-tab=\"1\" aria-controls=\"elementor-tab-content-1591\" aria-expanded=\"false\">-Grabie<\/div>\n<div role=\"button\" data-tab=\"1\" aria-controls=\"elementor-tab-content-1591\" aria-expanded=\"false\">-Chwytak<\/div>\n<div role=\"button\" data-tab=\"1\" aria-controls=\"elementor-tab-content-1591\" aria-expanded=\"false\">-Kciuk hydrauliczny<\/div>\n<\/div>\n<\/div>","protected":false},"excerpt":{"rendered":"<p>NEX N12\u00a0zosta\u0142a zaprojektowana i zbudowana z przeznaczeniem do najci\u0119\u017cszych prac. Dzi\u0119ki trwa\u0142ym komponentom i prostym, ekonomicznym rozwi\u0105zaniom serwisowym zapewniaj minimalny czas przestoj\u00f3w i maksymalne zyski. * G\u0141\u0118BOKO\u015a\u0106 KOPANIA 2 METRY &#8211; Zapraszamy do sprawdzenia na placu testowym! * SI\u0141OWNIK NIENARA\u017bONY NA USZKODZENIA (POSADOWIONY OD G\u00d3RY RAMIENIA) * SKR\u0118TNE RAMI\u0118 * CH\u0141ODNICA OLEJU HYDRAULICZNEGO * \u0141ATWY [&hellip;]<\/p>","protected":false},"featured_media":1381,"comment_status":"open","ping_status":"closed","template":"","meta":{"_acf_changed":false},"product_brand":[],"product_cat":[46],"product_tag":[],"class_list":{"0":"post-731","1":"product","2":"type-product","3":"status-publish","4":"has-post-thumbnail","6":"product_cat-mini-koparki","8":"first","9":"onbackorder","10":"sale","11":"taxable","12":"shipping-taxable","13":"purchasable","14":"product-type-simple"},"acf":[],"_links":{"self":[{"href":"https:\/\/sklep.nex-group.pl\/en\/wp-json\/wp\/v2\/product\/731","targetHints":{"allow":["GET"]}}],"collection":[{"href":"https:\/\/sklep.nex-group.pl\/en\/wp-json\/wp\/v2\/product"}],"about":[{"href":"https:\/\/sklep.nex-group.pl\/en\/wp-json\/wp\/v2\/types\/product"}],"replies":[{"embeddable":true,"href":"https:\/\/sklep.nex-group.pl\/en\/wp-json\/wp\/v2\/comments?post=731"}],"wp:featuredmedia":[{"embeddable":true,"href":"https:\/\/sklep.nex-group.pl\/en\/wp-json\/wp\/v2\/media\/1381"}],"wp:attachment":[{"href":"https:\/\/sklep.nex-group.pl\/en\/wp-json\/wp\/v2\/media?parent=731"}],"wp:term":[{"taxonomy":"product_brand","embeddable":true,"href":"https:\/\/sklep.nex-group.pl\/en\/wp-json\/wp\/v2\/product_brand?post=731"},{"taxonomy":"product_cat","embeddable":true,"href":"https:\/\/sklep.nex-group.pl\/en\/wp-json\/wp\/v2\/product_cat?post=731"},{"taxonomy":"product_tag","embeddable":true,"href":"https:\/\/sklep.nex-group.pl\/en\/wp-json\/wp\/v2\/product_tag?post=731"}],"curies":[{"name":"wp","href":"https:\/\/api.w.org\/{rel}","templated":true}]}}