{"id":733,"date":"2024-06-04T12:16:36","date_gmt":"2024-06-04T10:16:36","guid":{"rendered":"https:\/\/sklep.nex-group.pl\/?post_type=product&#038;p=733"},"modified":"2026-03-23T13:15:48","modified_gmt":"2026-03-23T12:15:48","slug":"nex-n18","status":"publish","type":"product","link":"https:\/\/sklep.nex-group.pl\/en\/product\/nex-n18\/","title":{"rendered":"NEX N18"},"content":{"rendered":"<h2 style=\"color: red;\" tabindex=\"0\" role=\"button\" data-tab=\"1\" aria-controls=\"elementor-tab-content-1861\" aria-expanded=\"true\" aria-selected=\"true\"><em>Uwaga! Ze wzgl\u0119du na konieczno\u015b\u0107 indywidualnej wyceny dostawy, tego produktu nie mo\u017cna kupi\u0107 przez online. W celu zakupu prosimy o kontakt z naszym sklepem.<\/em><\/h2>\n<p><strong>NEX N18\u00a0<\/strong>to minikoparka typu\u00a0<strong>\u201eZERO TAIL\u201d\u00a0<\/strong>zaprojektowana dla marki NEX zupe\u0142nie od podstaw. \u015awietnie wykonana i wysoce wydajna, dzi\u0119ki swoim rozmiarom potrafi dotrze\u0107 w trudno dost\u0119pne miejsca, dysponuj\u0105c moc\u0105 spotykan\u0105 wcze\u015bniej w maszynach o wiele wi\u0119kszej masie.<br \/>\nW zestawie :<br \/>\nSzybko z\u0142\u0105cze hydrauliczne<br \/>\n\u0141y\u017cki: 20, 45, 100 cm<\/p>\n<h2 style=\"color: #f9c60a;\">SPECYFIKACJA<\/h2>\n<p>Ci\u0119\u017car roboczy:\u00a0<strong>1740 kg<br \/>\n<\/strong>Silnik:\u00a0<strong>KUBOTA D902 \u2013 11,8 kW<\/strong><br \/>\nPompa g\u0142\u00f3wna:\u00a0<strong>HP2D09-6G3 t\u0142oczkowa, trzy sekcyjna (21 Mpa)<\/strong><br \/>\nCi\u015bnienie hydrauliki sterowania:\u00a0<strong>3,9 Mpa<\/strong><br \/>\nSilnik obrotowy:\u00a0<strong>EATON<\/strong><br \/>\nSilnik jezdny:\u00a0<strong>EATON dwie pr\u0119dko\u015bci jazdy 2.1 \/ 4 km\/h<\/strong><\/p>\n<h2 style=\"color: #f9c60a;\">WYMIARY<\/h2>\n<div class=\"elementor-element elementor-element-231ff2f dc-has-condition dc-condition-empty ob-has-background-overlay elementor-widget elementor-widget-toggle\" data-id=\"231ff2f\" data-element_type=\"widget\" data-settings=\"{&quot;_ob_widget_stalker_use&quot;:&quot;no&quot;,&quot;_ob_poopart_use&quot;:&quot;yes&quot;,&quot;_ob_shadough_use&quot;:&quot;no&quot;,&quot;_ob_allow_hoveranimator&quot;:&quot;no&quot;}\" data-widget_type=\"toggle.default\">\n<div class=\"elementor-widget-container\">\n<div class=\"elementor-toggle\">\n<div class=\"elementor-toggle-item\">\n<div id=\"elementor-tab-content-3681\" class=\"elementor-tab-content elementor-clearfix elementor-active\" role=\"region\" data-tab=\"1\" aria-labelledby=\"elementor-tab-title-3681\">\n<div class=\"elementor-element elementor-element-231ff2f dc-has-condition dc-condition-empty ob-has-background-overlay elementor-widget elementor-widget-toggle\" data-id=\"231ff2f\" data-element_type=\"widget\" data-settings=\"{&quot;_ob_widget_stalker_use&quot;:&quot;no&quot;,&quot;_ob_poopart_use&quot;:&quot;yes&quot;,&quot;_ob_shadough_use&quot;:&quot;no&quot;,&quot;_ob_allow_hoveranimator&quot;:&quot;no&quot;}\" data-widget_type=\"toggle.default\">\n<div class=\"elementor-widget-container\">\n<div class=\"elementor-toggle\">\n<div class=\"elementor-toggle-item\">\n<div id=\"elementor-tab-content-3681\" class=\"elementor-tab-content elementor-clearfix elementor-active\" role=\"region\" data-tab=\"1\" aria-labelledby=\"elementor-tab-title-3681\">\n<p>Wymiary transportowe:\u00a0<strong>3545x990x2300 mm<\/strong><\/p>\n<\/div>\n<\/div>\n<\/div>\n<\/div>\n<\/div>\n<\/div>\n<\/div>\n<\/div>\n<\/div>\n<\/div>\n<div class=\"elementor-element elementor-element-984372d dc-has-condition dc-condition-empty ob-has-background-overlay elementor-widget elementor-widget-toggle\" data-id=\"984372d\" data-element_type=\"widget\" data-settings=\"{&quot;_ob_widget_stalker_use&quot;:&quot;no&quot;,&quot;_ob_poopart_use&quot;:&quot;yes&quot;,&quot;_ob_shadough_use&quot;:&quot;no&quot;,&quot;_ob_allow_hoveranimator&quot;:&quot;no&quot;}\" data-widget_type=\"toggle.default\">\n<div class=\"elementor-widget-container\">\n<div class=\"elementor-toggle\">\n<div class=\"elementor-toggle-item\">\n<h2 style=\"color: #f9c60a;\">ZAKRES PRACY<\/h2>\n<div role=\"button\" data-tab=\"1\" aria-controls=\"elementor-tab-content-1591\" aria-expanded=\"false\">Zasi\u0119g kopania:\u00a0<strong>3976 mm<\/strong><br \/>\nG\u0142\u0119boko\u015b\u0107 kopania:\u00a0<strong>2400 mm<\/strong><br \/>\nWysoko\u015b\u0107 wysi\u0119gu:\u00a0<strong>3520 mm<\/strong><br \/>\nWysoko\u015b\u0107 wy\u0142adunku:\u00a0<strong>2345 mm<\/strong><br \/>\nK\u0105t \u0142amania ramienia lewo\/prawo:\u00a0<strong>69\u00b0\/50\u00b0<\/strong><br \/>\nPromie\u0144 obrotu:\u00a0<strong>360\u00b0<\/strong><\/div>\n<\/div>\n<\/div>\n<\/div>\n<\/div>","protected":false},"excerpt":{"rendered":"<p>Uwaga! Ze wzgl\u0119du na konieczno\u015b\u0107 indywidualnej wyceny dostawy, tego produktu nie mo\u017cna kupi\u0107 przez online. W celu zakupu prosimy o kontakt z naszym sklepem. NEX N18\u00a0to minikoparka typu\u00a0\u201eZERO TAIL\u201d\u00a0zaprojektowana dla marki NEX zupe\u0142nie od podstaw. \u015awietnie wykonana i wysoce wydajna, dzi\u0119ki swoim rozmiarom potrafi dotrze\u0107 w trudno dost\u0119pne miejsca, dysponuj\u0105c moc\u0105 spotykan\u0105 wcze\u015bniej w maszynach [&hellip;]<\/p>","protected":false},"featured_media":728,"comment_status":"closed","ping_status":"closed","template":"","meta":{"_acf_changed":false},"product_brand":[],"product_cat":[46],"product_tag":[],"class_list":{"0":"post-733","1":"product","2":"type-product","3":"status-publish","4":"has-post-thumbnail","6":"product_cat-mini-koparki","8":"first","9":"onbackorder","10":"sale","11":"taxable","12":"shipping-taxable","13":"purchasable","14":"product-type-simple"},"acf":[],"_links":{"self":[{"href":"https:\/\/sklep.nex-group.pl\/en\/wp-json\/wp\/v2\/product\/733","targetHints":{"allow":["GET"]}}],"collection":[{"href":"https:\/\/sklep.nex-group.pl\/en\/wp-json\/wp\/v2\/product"}],"about":[{"href":"https:\/\/sklep.nex-group.pl\/en\/wp-json\/wp\/v2\/types\/product"}],"replies":[{"embeddable":true,"href":"https:\/\/sklep.nex-group.pl\/en\/wp-json\/wp\/v2\/comments?post=733"}],"wp:featuredmedia":[{"embeddable":true,"href":"https:\/\/sklep.nex-group.pl\/en\/wp-json\/wp\/v2\/media\/728"}],"wp:attachment":[{"href":"https:\/\/sklep.nex-group.pl\/en\/wp-json\/wp\/v2\/media?parent=733"}],"wp:term":[{"taxonomy":"product_brand","embeddable":true,"href":"https:\/\/sklep.nex-group.pl\/en\/wp-json\/wp\/v2\/product_brand?post=733"},{"taxonomy":"product_cat","embeddable":true,"href":"https:\/\/sklep.nex-group.pl\/en\/wp-json\/wp\/v2\/product_cat?post=733"},{"taxonomy":"product_tag","embeddable":true,"href":"https:\/\/sklep.nex-group.pl\/en\/wp-json\/wp\/v2\/product_tag?post=733"}],"curies":[{"name":"wp","href":"https:\/\/api.w.org\/{rel}","templated":true}]}}