{"id":748,"date":"2024-06-04T12:16:36","date_gmt":"2024-06-04T10:16:36","guid":{"rendered":"https:\/\/sklep.nex-group.pl\/?post_type=product&#038;p=748"},"modified":"2025-03-27T14:39:03","modified_gmt":"2025-03-27T13:39:03","slug":"nex-n40","status":"publish","type":"product","link":"https:\/\/sklep.nex-group.pl\/en\/product\/nex-n40\/","title":{"rendered":"NEX N40"},"content":{"rendered":"<h2 tabindex=\"0\" role=\"button\" data-tab=\"1\" aria-controls=\"elementor-tab-content-1861\" aria-expanded=\"true\" aria-selected=\"true\" style=\"color: red;\"><em>Uwaga! Ze wzgl\u0119du na konieczno\u015b\u0107 indywidualnej wyceny dostawy, tego produktu nie mo\u017cna kupi\u0107 przez online. W celu zakupu prosimy o kontakt z naszym sklepem.<\/em><\/h2>\n<p><strong>MINI \u0141ADOWARKA N40\u00a0<\/strong>to zaskakuj\u0105co ma\u0142y sprz\u0119t o zaskakuj\u0105co wielkich mo\u017cliwo\u015bciach. Wjedzie tam, gdzie \u017cadna inna \u0142adowarka nie zdo\u0142a. Dzi\u0119ki zastosowanej technologii skr\u0119tu burtowego obr\u00f3ci si\u0119 w miejscu. Dzi\u0119ki swoim rozmiarom i wadze zmie\u015bci si\u0119 nawet do najmniejszego busa, co pozwala unikn\u0105\u0107 problem\u00f3w logistycznych. W ca\u0142o\u015bci wykonana w Europie z dba\u0142o\u015bci\u0105 o najmniejszy szczeg\u00f3\u0142.<\/p>\n<h2 style=\"color: #f9c60a;\">SPECYFIKACJA<\/h2>\n<p>\u2013 Silnik:\u00a0<strong>Honda GX 390<\/strong><br \/>\n\u2013 Markowa w\u0142oska hydraulika:\u00a0<strong>\u00a028l\/min \/ 175 bar<\/strong><br \/>\n\u2013 Nap\u0119d:\u00a0<strong>hydrostatyczny \/ cztery hydromotory<\/strong><br \/>\n\u2013 Masa ca\u0142kowita:\u00a0<strong>600 kg<\/strong><br \/>\n\u2013 Szeroko\u015b\u0107:\u00a0<strong>90 \u2013 115 cm<\/strong><br \/>\n\u2013 Wysoko\u015b\u0107 podnoszenia ramienia:\u00a0<strong>210 cm<\/strong><br \/>\n\u2013 Maksymalny ud\u017awig:\u00a0<strong>400 kg (w praktyce \u2013 swobodna i bezpieczna praca z \u0142adunkiem 300 \u2013 350 kg)<\/strong><br \/>\n\u2013 Masa wywracaj\u0105ca:\u00a0<strong>600 kg<\/strong><\/p>\n<h2 style=\"color: #f9c60a;\">ZAKRES PRACY<\/h2>\n<p><img decoding=\"async\" src=\"https:\/\/nex-group.pl\/wp-content\/uploads\/2022\/07\/image006-300x187.jpg\" \/><\/p>\n<p>&nbsp;<\/p>\n<h2 style=\"color: #f9c60a;\">OSPRZ\u0118T<\/h2>\n<p>\u2013 Wid\u0142y do palet<br \/>\n\u2013 \u201eKrokodyl\u201d (chwytak do obornika, chwytak do kiszonki)<br \/>\n\u2013 Niwelator<br \/>\n\u2013 \u0141y\u017cka hydrauliczna domykana<br \/>\n\u2013 Mo\u017cliwo\u015b\u0107 wykonania akcesori\u00f3w wg. uwag i potrzeb klienta<\/p>","protected":false},"excerpt":{"rendered":"<p>Uwaga! Ze wzgl\u0119du na konieczno\u015b\u0107 indywidualnej wyceny dostawy, tego produktu nie mo\u017cna kupi\u0107 przez online. W celu zakupu prosimy o kontakt z naszym sklepem. MINI \u0141ADOWARKA N40\u00a0to zaskakuj\u0105co ma\u0142y sprz\u0119t o zaskakuj\u0105co wielkich mo\u017cliwo\u015bciach. Wjedzie tam, gdzie \u017cadna inna \u0142adowarka nie zdo\u0142a. Dzi\u0119ki zastosowanej technologii skr\u0119tu burtowego obr\u00f3ci si\u0119 w miejscu. Dzi\u0119ki swoim rozmiarom i [&hellip;]<\/p>","protected":false},"featured_media":742,"comment_status":"open","ping_status":"closed","template":"","meta":{"_acf_changed":false},"product_brand":[],"product_cat":[47],"product_tag":[],"class_list":{"0":"post-748","1":"product","2":"type-product","3":"status-publish","4":"has-post-thumbnail","6":"product_cat-mini-ladowarki","8":"first","9":"instock","10":"taxable","11":"shipping-taxable","12":"purchasable","13":"product-type-simple"},"acf":[],"_links":{"self":[{"href":"https:\/\/sklep.nex-group.pl\/en\/wp-json\/wp\/v2\/product\/748","targetHints":{"allow":["GET"]}}],"collection":[{"href":"https:\/\/sklep.nex-group.pl\/en\/wp-json\/wp\/v2\/product"}],"about":[{"href":"https:\/\/sklep.nex-group.pl\/en\/wp-json\/wp\/v2\/types\/product"}],"replies":[{"embeddable":true,"href":"https:\/\/sklep.nex-group.pl\/en\/wp-json\/wp\/v2\/comments?post=748"}],"wp:featuredmedia":[{"embeddable":true,"href":"https:\/\/sklep.nex-group.pl\/en\/wp-json\/wp\/v2\/media\/742"}],"wp:attachment":[{"href":"https:\/\/sklep.nex-group.pl\/en\/wp-json\/wp\/v2\/media?parent=748"}],"wp:term":[{"taxonomy":"product_brand","embeddable":true,"href":"https:\/\/sklep.nex-group.pl\/en\/wp-json\/wp\/v2\/product_brand?post=748"},{"taxonomy":"product_cat","embeddable":true,"href":"https:\/\/sklep.nex-group.pl\/en\/wp-json\/wp\/v2\/product_cat?post=748"},{"taxonomy":"product_tag","embeddable":true,"href":"https:\/\/sklep.nex-group.pl\/en\/wp-json\/wp\/v2\/product_tag?post=748"}],"curies":[{"name":"wp","href":"https:\/\/api.w.org\/{rel}","templated":true}]}}