{"id":751,"date":"2024-06-04T12:16:36","date_gmt":"2024-06-04T10:16:36","guid":{"rendered":"https:\/\/sklep.nex-group.pl\/?post_type=product&#038;p=751"},"modified":"2025-08-08T08:19:34","modified_gmt":"2025-08-08T06:19:34","slug":"nex-n100","status":"publish","type":"product","link":"https:\/\/sklep.nex-group.pl\/en\/product\/nex-n100\/","title":{"rendered":"NEX N100"},"content":{"rendered":"<h2 style=\"color: red;\" tabindex=\"0\" role=\"button\" data-tab=\"1\" aria-controls=\"elementor-tab-content-1861\" aria-expanded=\"true\" aria-selected=\"true\"><em>Uwaga! Ze wzgl\u0119du na konieczno\u015b\u0107 indywidualnej wyceny dostawy, tego produktu nie mo\u017cna kupi\u0107 przez online. W celu zakupu prosimy o kontakt z naszym sklepem.<\/em><\/h2>\n<div class=\"elementor-element elementor-element-dd99b1a ob-has-background-overlay elementor-widget elementor-widget-wl-single-product-description\" data-id=\"dd99b1a\" data-element_type=\"widget\" data-settings=\"{&quot;_ob_widget_stalker_use&quot;:&quot;no&quot;,&quot;_ob_poopart_use&quot;:&quot;yes&quot;,&quot;_ob_shadough_use&quot;:&quot;no&quot;,&quot;_ob_allow_hoveranimator&quot;:&quot;no&quot;}\" data-widget_type=\"wl-single-product-description.default\">\n<div class=\"elementor-widget-container\">\n<div class=\"woocommerce_product_description\">\n<p>\u0141adowarka NEX N100 to pojazd wyprodukowany specjalnie dla firmy NEX. Niezawodny i lubiany silnik\u00a0<strong>Kubota D1105<\/strong>\u00a0oraz niezawodna hydraulika w\u0142oskiej marki\u00a0<strong>Bondioli Pavesi<\/strong>\u00a0dope\u0142niaj\u0105 reszty.<\/p>\n<p>Kabina NEX N 100 posiada przeszklenia z 3 stron oraz otwart\u0105 przestrze\u0144. Przeszklenia s\u0105 wykonane z poliw\u0119glanu w celu poprawienia bezpiecze\u0144stwa. Ramki kabiny zosta\u0142y ograniczone do niezb\u0119dnego minimum, tak aby pole widzenia by\u0142o jak najwi\u0119ksze. Usztywniony przegub oraz obni\u017cony \u015brodek ci\u0119\u017cko\u015bci pozwala na zwi\u0119kszon\u0105 stabilno\u015b\u0107 ca\u0142ej \u0142adowarki.<\/p>\n<p>Mimo kompaktowych rozmiar\u00f3w,\u00a0 \u0142adowarka NEX N 100 dysponuje wysuwanym ramieniem, dzi\u0119ki czemu wysoko\u015b\u0107 za\u0142adunku to nawet 2840 mm. A dzi\u0119ki obni\u017conemu \u015brodkowi ci\u0119\u017cko\u015bci na pe\u0142nym wysi\u0119gu mo\u017cemy d\u017awiga\u0107 ci\u0119\u017cary, niedost\u0119pne dla \u0142adowarek z przegubem podw\u00f3jnym wahliwym.<\/p>\n<p>System szybkoz\u0142\u0105cza hydraulicznego zosta\u0142 tak skonstruowany, aby w bardzo prosty spos\u00f3b wymienia\u0107 akcesoria, niemal jednym ruchem r\u0119ki. Tak\u017ce mo\u017cemy \u0142adowark\u0119 NEX N 100 u\u017cywa\u0107 okr\u0105g\u0142y rok, zaczynaj\u0105c od p\u0142uga do \u015bniegu, poprzez \u0142y\u017cki wielofunkcyjne, zamiatarki a sko\u0144czywszy na mulczerach czy glebogryzarkach separacyjnych.<\/p>\n<p>\u0141adowarka NEX N 100 zosta\u0142a wyposa\u017cona w system \u201eramienia p\u0142ywaj\u0105cego\u201d w celu \u0142atwiejszej niwelacji terenu, samo-poziomowanie \u0142y\u017cki. Nap\u0119d 4 x 4 hydrostatyczny, nap\u0119dzaj\u0105cy ka\u017cde ko\u0142o osobno, tak aby poprawi\u0107 przyczepno\u015b\u0107 na r\u00f3\u017cnych nawierzchniach, jednocze\u015bnie zachowuj\u0105c p\u0142ynno\u015b\u0107 jazdy.<\/p>\n<\/div>\n<\/div>\n<\/div>\n<h2 style=\"color: #f9c60a;\">SPECYFIKACJA<\/h2>\n<p>&nbsp;<\/p>\n<table>\n<tbody>\n<tr>\n<td colspan=\"2\" width=\"604\">SILNIK<\/td>\n<\/tr>\n<tr>\n<td width=\"302\">MARKA<\/td>\n<td width=\"302\">KUBOTA<\/td>\n<\/tr>\n<tr>\n<td width=\"302\">MODEL<\/td>\n<td width=\"302\">D1105<\/td>\n<\/tr>\n<tr>\n<td width=\"302\">POJEMNO\u015a\u0106 [CM3]<\/td>\n<td width=\"302\">1123<\/td>\n<\/tr>\n<tr>\n<td width=\"302\">LICZBA CYLINDR\u00d3W<\/td>\n<td width=\"302\">3<\/td>\n<\/tr>\n<tr>\n<td width=\"302\">MOC SILNIKA PRZY 220 RPM\u00a0\u00a0\u00a0\u00a0\u00a0\u00a0\u00a0\u00a0\u00a0 [Kw\/KM]<\/td>\n<td width=\"302\">18.4\/25<\/td>\n<\/tr>\n<tr>\n<td width=\"302\">KLASA EMISJI SPALIN<\/td>\n<td width=\"302\">STAGE V<\/td>\n<\/tr>\n<tr>\n<td colspan=\"2\" width=\"604\">PODNOSZENIE<\/td>\n<\/tr>\n<tr>\n<td width=\"302\">STANDARDOWA POJEMN\u015a\u0106 \u0141YCHY [M\u00b3]<\/td>\n<td width=\"302\">0.25<\/td>\n<\/tr>\n<tr>\n<td width=\"302\">MAKSYMALNE OCI\u0104ZENIE \u0141Y\u017bKI [KG]<\/td>\n<td width=\"302\">1350<\/td>\n<\/tr>\n<tr>\n<td width=\"302\">OBCI\u0104\u017bENIE PRZY KO\u0141ACH [KG]<\/td>\n<td width=\"302\">800<\/td>\n<\/tr>\n<tr>\n<td width=\"302\">OBCI\u0104\u017bENIE PRZY PE\u0141NYM SKR\u0118CIE [KG]<\/td>\n<td width=\"302\">450<\/td>\n<\/tr>\n<tr>\n<td width=\"302\">WYSOKO\u015a\u0106 WSYPU (BEZ WYSUWU) [MM]<\/td>\n<td width=\"302\">1650<\/td>\n<\/tr>\n<tr>\n<td width=\"302\">WYSOKO\u015a\u0106 ZA\u0141ADUNKU \u00a0(BEZ WYSUWU) [MM]<\/td>\n<td width=\"302\">2145<\/td>\n<\/tr>\n<tr>\n<td width=\"302\">WYSOKO\u015a\u0106 ZA\u0141ADUNKU [MM]<\/td>\n<td width=\"302\">2840<\/td>\n<\/tr>\n<tr>\n<td colspan=\"2\" width=\"604\">NAP\u0118D<\/td>\n<\/tr>\n<tr>\n<td width=\"302\">TYP<\/td>\n<td width=\"302\">HYDROSTATYCZNY<\/td>\n<\/tr>\n<tr>\n<td width=\"302\">POMPA<\/td>\n<td width=\"302\">T\u0141OCZKOWA O ZMIENNEJ WYDAJNO\u015aCI<\/td>\n<\/tr>\n<tr>\n<td width=\"302\">TYP NAP\u0118DU<\/td>\n<td width=\"302\">NIEZALE\u017bNE SILNIKI JEZDNE &#8211; 4 SZT.<\/td>\n<\/tr>\n<tr>\n<td width=\"302\">PR\u0118DKO\u015a\u0106 PODR\u00d3\u017bNA [KM\/H]<\/td>\n<td width=\"302\">0-19<\/td>\n<\/tr>\n<tr>\n<td width=\"302\">WYDAJNO\u015a\u0106 HYDRAULIKI ROBOCZEJ NA DODATKOWY OSPRZ\u0118T<\/td>\n<td width=\"302\">36L\/MIN<\/td>\n<\/tr>\n<\/tbody>\n<\/table>\n<p>&nbsp;<\/p>\n<h2 style=\"color: #f9c60a;\">WYMIARY<\/h2>\n<div class=\"elementor-element elementor-element-231ff2f dc-has-condition dc-condition-empty ob-has-background-overlay elementor-widget elementor-widget-toggle\" data-id=\"231ff2f\" data-element_type=\"widget\" data-settings=\"{&quot;_ob_widget_stalker_use&quot;:&quot;no&quot;,&quot;_ob_poopart_use&quot;:&quot;yes&quot;,&quot;_ob_shadough_use&quot;:&quot;no&quot;,&quot;_ob_allow_hoveranimator&quot;:&quot;no&quot;}\" data-widget_type=\"toggle.default\">\n<div class=\"elementor-widget-container\">\n<div class=\"elementor-toggle\">\n<div class=\"elementor-toggle-item\">\n<div id=\"elementor-tab-content-3681\" class=\"elementor-tab-content elementor-clearfix elementor-active\" role=\"region\" data-tab=\"1\" aria-labelledby=\"elementor-tab-title-3681\">\n<div class=\"elementor-element elementor-element-231ff2f dc-has-condition dc-condition-empty ob-has-background-overlay elementor-widget elementor-widget-toggle\" data-id=\"231ff2f\" data-element_type=\"widget\" data-settings=\"{&quot;_ob_widget_stalker_use&quot;:&quot;no&quot;,&quot;_ob_poopart_use&quot;:&quot;yes&quot;,&quot;_ob_shadough_use&quot;:&quot;no&quot;,&quot;_ob_allow_hoveranimator&quot;:&quot;no&quot;}\" data-widget_type=\"toggle.default\">\n<div class=\"elementor-widget-container\">\n<div class=\"elementor-toggle\">\n<div class=\"elementor-toggle-item\">\n<div id=\"elementor-tab-content-3681\" class=\"elementor-tab-content elementor-clearfix elementor-active\" role=\"region\" data-tab=\"1\" aria-labelledby=\"elementor-tab-title-3681\">\n<p>Szeroko\u015b\u0107: 1130 mm<\/p>\n<p>Wysoko\u015b\u0107: 2075 mm<\/p>\n<p>D\u0142ugo\u015b\u0107:2600 mm \/ 3300 mm z \u0142ych\u0105<\/p>\n<p>Waga 1580 kg bez obci\u0105\u017cnik\u00f3w<\/p>\n<p>&nbsp;<\/p>\n<\/div>\n<\/div>\n<\/div>\n<\/div>\n<\/div>\n<\/div>\n<\/div>\n<\/div>\n<\/div>\n<\/div>\n<div class=\"elementor-element elementor-element-8afa338 dc-has-condition dc-condition-empty ob-has-background-overlay elementor-widget elementor-widget-toggle\" data-id=\"8afa338\" data-element_type=\"widget\" data-settings=\"{&quot;_ob_widget_stalker_use&quot;:&quot;no&quot;,&quot;_ob_poopart_use&quot;:&quot;yes&quot;,&quot;_ob_shadough_use&quot;:&quot;no&quot;,&quot;_ob_allow_hoveranimator&quot;:&quot;no&quot;}\" data-widget_type=\"toggle.default\">\n<div class=\"elementor-widget-container\">\n<div class=\"elementor-toggle\">\n<div class=\"elementor-toggle-item\">\n<div id=\"elementor-tab-title-1451\" class=\"elementor-tab-title\" role=\"button\" data-tab=\"1\" aria-controls=\"elementor-tab-content-1451\" aria-expanded=\"false\"><\/div>\n<\/div>\n<\/div>\n<\/div>\n<\/div>\n<h2 style=\"color: #f9c60a;\">WYPOSA\u017bENIE STANDARDOWE :<\/h2>\n<p>&nbsp;<\/p>\n<p>\u2013 szufla do materia\u0142\u00f3w sypkich<\/p>\n<p>\u2013 \u0142y\u017cka samopoziomuj\u0105ca<\/p>\n<p>\u2013 funkcja p\u0142ywaj\u0105cego ramienia<\/p>\n<p>\u2013 komplet dodatkowych obci\u0105\u017cnik\u00f3w 110kg<\/p>\n<p>\u2013 podgrzewane siedzenie<\/p>\n<p>\u2013 elektryczne podgrzewanie miski olejowej (na ekstremalne mrozy)<\/p>\n<p>\u2013 joystick wielofunkcyjny<\/p>\n<p>\u2013 hydraulicznie blokowane rygle p\u0142yty monta\u017cowej<\/p>\n<p>\u2013 hydrauliczna blokada nap\u0119d\u00f3w z dodatkowym funkcj\u0105 4\u00d725%<\/p>\n<h2 style=\"color: #f9c60a;\">CENA<\/h2>\n<p style=\"font-weight: 400;\">N100: <strong><del>99 000 z\u0142 netto<\/del>\u00a0 94 000 z\u0142 netto<br \/>\nwersja z pe\u0142n\u0105 kabin\u0105 102 000z\u0142 netto\u00a0<\/strong><\/p>","protected":false},"excerpt":{"rendered":"<p>Uwaga! Ze wzgl\u0119du na konieczno\u015b\u0107 indywidualnej wyceny dostawy, tego produktu nie mo\u017cna kupi\u0107 przez online. W celu zakupu prosimy o kontakt z naszym sklepem. \u0141adowarka NEX N100 to pojazd wyprodukowany specjalnie dla firmy NEX. Niezawodny i lubiany silnik\u00a0Kubota D1105\u00a0oraz niezawodna hydraulika w\u0142oskiej marki\u00a0Bondioli Pavesi\u00a0dope\u0142niaj\u0105 reszty. Kabina NEX N 100 posiada przeszklenia z 3 stron oraz [&hellip;]<\/p>","protected":false},"featured_media":1150,"comment_status":"open","ping_status":"closed","template":"","meta":{"_acf_changed":false},"product_brand":[],"product_cat":[47],"product_tag":[],"class_list":{"0":"post-751","1":"product","2":"type-product","3":"status-publish","4":"has-post-thumbnail","6":"product_cat-mini-ladowarki","8":"first","9":"instock","10":"taxable","11":"shipping-taxable","12":"purchasable","13":"product-type-simple"},"acf":[],"_links":{"self":[{"href":"https:\/\/sklep.nex-group.pl\/en\/wp-json\/wp\/v2\/product\/751","targetHints":{"allow":["GET"]}}],"collection":[{"href":"https:\/\/sklep.nex-group.pl\/en\/wp-json\/wp\/v2\/product"}],"about":[{"href":"https:\/\/sklep.nex-group.pl\/en\/wp-json\/wp\/v2\/types\/product"}],"replies":[{"embeddable":true,"href":"https:\/\/sklep.nex-group.pl\/en\/wp-json\/wp\/v2\/comments?post=751"}],"wp:featuredmedia":[{"embeddable":true,"href":"https:\/\/sklep.nex-group.pl\/en\/wp-json\/wp\/v2\/media\/1150"}],"wp:attachment":[{"href":"https:\/\/sklep.nex-group.pl\/en\/wp-json\/wp\/v2\/media?parent=751"}],"wp:term":[{"taxonomy":"product_brand","embeddable":true,"href":"https:\/\/sklep.nex-group.pl\/en\/wp-json\/wp\/v2\/product_brand?post=751"},{"taxonomy":"product_cat","embeddable":true,"href":"https:\/\/sklep.nex-group.pl\/en\/wp-json\/wp\/v2\/product_cat?post=751"},{"taxonomy":"product_tag","embeddable":true,"href":"https:\/\/sklep.nex-group.pl\/en\/wp-json\/wp\/v2\/product_tag?post=751"}],"curies":[{"name":"wp","href":"https:\/\/api.w.org\/{rel}","templated":true}]}}