{"id":771,"date":"2024-06-07T11:21:54","date_gmt":"2024-06-07T09:21:54","guid":{"rendered":"https:\/\/sklep.nex-group.pl\/?post_type=product&#038;p=771"},"modified":"2026-02-27T13:37:57","modified_gmt":"2026-02-27T12:37:57","slug":"xn10","status":"publish","type":"product","link":"https:\/\/sklep.nex-group.pl\/en\/product\/xn10\/","title":{"rendered":"XN10"},"content":{"rendered":"<h2 style=\"color: #f9c60a;\">SPECYFIKACJA<\/h2>\n<p>Ci\u0119\u017car roboczy: 850kg<br \/>\nPojemno\u015b\u0107 \u0142y\u017cki w zestawie: 0.025 cbm<br \/>\nSzeroko\u015b\u0107 \u0142y\u017cki w zestawie: 380 mm<br \/>\nSilnik: KOOP EURO 5 (diesel)<br \/>\nMoc znamionowa: 7 kw\/3000r\/min<br \/>\nPompa g\u0142\u00f3wna: KDK<br \/>\nSilnik obrotowy: EATON(USA)<br \/>\nSilnik jezdny: EATON(USA)<br \/>\nSzybko\u015b\u0107 jazdy: 1,5 km\/h<\/p>\n<h2 style=\"color: #f9c60a;\">WYMIARY<\/h2>\n<p>Wymiary: 2550 x 930 x 1450 mm<br \/>\nRozstaw osi: 930 mm<br \/>\nD\u0142ugo\u015b\u0107 ca\u0142kowita toru: 1235 mm<br \/>\nSzeroko\u015b\u0107 podwozia: 930 mm<br \/>\nPrze\u015bwit podwozia: 132 mm<br \/>\nSzeroko\u015b\u0107 g\u0105sienicy: 180 mm<\/p>\n<h2 style=\"color: #f9c60a;\">ZAKRES PRACY<\/h2>\n<p>Max. g\u0142\u0119boko\u015b\u0107 kopania: 1650 mm<br \/>\nMax. zakres wysi\u0119gu: 2400 mm<br \/>\nMax. wysoko\u015b\u0107 wy\u0142adunku: 1850 mm<br \/>\nMinimalny promie\u0144 skr\u0119tu: 1190 mm<br \/>\nMax. wysoko\u015b\u0107 podnoszenia lemiesza: 325 mm<br \/>\nPromie\u0144 obrotu: 360\u00b0<\/p>\n<p>&nbsp;<\/p>\n<p>CENA : 19 900z\u0142 netto<br \/>\ncena zawiera :<\/p>\n<ul>\n<li>kopark\u0119 z ramieniem skr\u0119tnym<\/li>\n<li>\u0142y\u017ck\u0119 40cm<\/li>\n<\/ul>\n<div role=\"button\" data-tab=\"1\" aria-controls=\"elementor-tab-content-1591\" aria-expanded=\"false\">Dost\u0119pne akcesoria do koparki:<\/div>\n<div role=\"button\" data-tab=\"1\" aria-controls=\"elementor-tab-content-1591\" aria-expanded=\"false\">-M\u0142ot wyburzeniowy<\/div>\n<div role=\"button\" data-tab=\"1\" aria-controls=\"elementor-tab-content-1591\" aria-expanded=\"false\">-Wiertnica 200 mm<\/div>\n<div role=\"button\" data-tab=\"1\" aria-controls=\"elementor-tab-content-1591\" aria-expanded=\"false\">-Wiertnica 300 mm<\/div>\n<div role=\"button\" data-tab=\"1\" aria-controls=\"elementor-tab-content-1591\" aria-expanded=\"false\">-Z\u0105b zrywaj\u0105cy<\/div>\n<div role=\"button\" data-tab=\"1\" aria-controls=\"elementor-tab-content-1591\" aria-expanded=\"false\">-Szybkoz\u0142\u0105cze<\/div>\n<div role=\"button\" data-tab=\"1\" aria-controls=\"elementor-tab-content-1591\" aria-expanded=\"false\">-\u0141y\u017cka 200 mm<\/div>\n<div role=\"button\" data-tab=\"1\" aria-controls=\"elementor-tab-content-1591\" aria-expanded=\"false\">-\u0141y\u017cka 300 mm<\/div>\n<div role=\"button\" data-tab=\"1\" aria-controls=\"elementor-tab-content-1591\" aria-expanded=\"false\">-\u0141y\u017cka 600 mm<\/div>\n<div role=\"button\" data-tab=\"1\" aria-controls=\"elementor-tab-content-1591\" aria-expanded=\"false\">-\u0141y\u017cka 600 mm przesiewowa<\/div>\n<div role=\"button\" data-tab=\"1\" aria-controls=\"elementor-tab-content-1591\" aria-expanded=\"false\">-\u0141y\u017cka 800 mm<\/div>\n<div role=\"button\" data-tab=\"1\" aria-controls=\"elementor-tab-content-1591\" aria-expanded=\"false\">-\u0141y\u017cka 800 mm hydrauliczna<\/div>\n<div role=\"button\" data-tab=\"1\" aria-controls=\"elementor-tab-content-1591\" aria-expanded=\"false\">-Grabie<\/div>\n<div role=\"button\" data-tab=\"1\" aria-controls=\"elementor-tab-content-1591\" aria-expanded=\"false\">-Chwytak<\/div>\n<div role=\"button\" data-tab=\"1\" aria-controls=\"elementor-tab-content-1591\" aria-expanded=\"false\"><\/div>\n<h2 style=\"color: #f9c60a;\"><\/h2>\n<p>&nbsp;<\/p>\n<h1><\/h1>","protected":false},"excerpt":{"rendered":"<p>SPECYFIKACJA Ci\u0119\u017car roboczy: 850kg Pojemno\u015b\u0107 \u0142y\u017cki w zestawie: 0.025 cbm Szeroko\u015b\u0107 \u0142y\u017cki w zestawie: 380 mm Silnik: KOOP EURO 5 (diesel) Moc znamionowa: 7 kw\/3000r\/min Pompa g\u0142\u00f3wna: KDK Silnik obrotowy: EATON(USA) Silnik jezdny: EATON(USA) Szybko\u015b\u0107 jazdy: 1,5 km\/h WYMIARY Wymiary: 2550 x 930 x 1450 mm Rozstaw osi: 930 mm D\u0142ugo\u015b\u0107 ca\u0142kowita toru: 1235 mm [&hellip;]<\/p>","protected":false},"featured_media":792,"comment_status":"closed","ping_status":"closed","template":"","meta":{"_acf_changed":false},"product_brand":[],"product_cat":[46],"product_tag":[],"class_list":{"0":"post-771","1":"product","2":"type-product","3":"status-publish","4":"has-post-thumbnail","6":"product_cat-mini-koparki","7":"product_shipping_class-900-netto","9":"first","10":"onbackorder","11":"sale","12":"taxable","13":"shipping-taxable","14":"purchasable","15":"product-type-simple"},"acf":[],"_links":{"self":[{"href":"https:\/\/sklep.nex-group.pl\/en\/wp-json\/wp\/v2\/product\/771","targetHints":{"allow":["GET"]}}],"collection":[{"href":"https:\/\/sklep.nex-group.pl\/en\/wp-json\/wp\/v2\/product"}],"about":[{"href":"https:\/\/sklep.nex-group.pl\/en\/wp-json\/wp\/v2\/types\/product"}],"replies":[{"embeddable":true,"href":"https:\/\/sklep.nex-group.pl\/en\/wp-json\/wp\/v2\/comments?post=771"}],"wp:featuredmedia":[{"embeddable":true,"href":"https:\/\/sklep.nex-group.pl\/en\/wp-json\/wp\/v2\/media\/792"}],"wp:attachment":[{"href":"https:\/\/sklep.nex-group.pl\/en\/wp-json\/wp\/v2\/media?parent=771"}],"wp:term":[{"taxonomy":"product_brand","embeddable":true,"href":"https:\/\/sklep.nex-group.pl\/en\/wp-json\/wp\/v2\/product_brand?post=771"},{"taxonomy":"product_cat","embeddable":true,"href":"https:\/\/sklep.nex-group.pl\/en\/wp-json\/wp\/v2\/product_cat?post=771"},{"taxonomy":"product_tag","embeddable":true,"href":"https:\/\/sklep.nex-group.pl\/en\/wp-json\/wp\/v2\/product_tag?post=771"}],"curies":[{"name":"wp","href":"https:\/\/api.w.org\/{rel}","templated":true}]}}