{"id":775,"date":"2024-06-05T13:44:18","date_gmt":"2024-06-05T11:44:18","guid":{"rendered":"https:\/\/sklep.nex-group.pl\/?post_type=product&#038;p=775"},"modified":"2026-01-19T14:55:58","modified_gmt":"2026-01-19T13:55:58","slug":"yuchai-u27","status":"publish","type":"product","link":"https:\/\/sklep.nex-group.pl\/en\/product\/yuchai-u27\/","title":{"rendered":"YUCHAI U27"},"content":{"rendered":"<h2 style=\"color: red;\" tabindex=\"0\" role=\"button\" data-tab=\"1\" aria-controls=\"elementor-tab-content-1861\" aria-expanded=\"true\" aria-selected=\"true\"><em>Uwaga! Ze wzgl\u0119du na konieczno\u015b\u0107 indywidualnej wyceny dostawy, tego produktu nie mo\u017cna kupi\u0107 przez online. W celu zakupu prosimy o kontakt z naszym sklepem.<\/em><\/h2>\n<h2 id=\"elementor-tab-title-1861\" class=\"elementor-tab-title elementor-active\" tabindex=\"0\" role=\"button\" data-tab=\"1\" aria-controls=\"elementor-tab-content-1861\" aria-expanded=\"true\" aria-selected=\"true\"><a class=\"elementor-toggle-title\" tabindex=\"0\">SPECYFIKACJA<\/a><\/h2>\n<table id=\"tablepress-4\" class=\"tablepress tablepress-id-4\">\n<thead>\n<tr class=\"row-1 odd\">\n<th class=\"column-1\">Specyfikacja<\/th>\n<th class=\"column-2\">Jednostki<\/th>\n<th class=\"column-3\">Warto\u015b\u0107<\/th>\n<\/tr>\n<\/thead>\n<tbody class=\"row-hover\">\n<tr class=\"row-2 even\">\n<td class=\"column-1\">Model koparki<\/td>\n<td class=\"column-2\"><\/td>\n<td class=\"column-3\">U27<\/td>\n<\/tr>\n<tr class=\"row-3 odd\">\n<td class=\"column-1\"><strong>Parametry Podstawowe<\/strong><\/td>\n<td class=\"column-2\"><\/td>\n<td class=\"column-3\"><\/td>\n<\/tr>\n<tr class=\"row-4 even\">\n<td class=\"column-1\">Ci\u0119\u017car maszyny<\/td>\n<td class=\"column-2\">kg<\/td>\n<td class=\"column-3\">2600 (Canopy) \/ 2740 (Cabin)<\/td>\n<\/tr>\n<tr class=\"row-5 odd\">\n<td class=\"column-1\">Pojemno\u015b\u0107 \u0142y\u017cki<\/td>\n<td class=\"column-2\">m\u00b3<\/td>\n<td class=\"column-3\">0.09<\/td>\n<\/tr>\n<tr class=\"row-6 even\">\n<td class=\"column-1\">Pojemno\u015b\u0107 \u0142y\u017cki<\/td>\n<td class=\"column-2\">mm<\/td>\n<td class=\"column-3\">510<\/td>\n<\/tr>\n<tr class=\"row-7 odd\">\n<td class=\"column-1\"><strong>Paramentr wydajno\u015bci<\/strong><\/td>\n<td class=\"column-2\"><\/td>\n<td class=\"column-3\"><\/td>\n<\/tr>\n<tr class=\"row-8 even\">\n<td class=\"column-1\">Model silnika<\/td>\n<td class=\"column-2\"><\/td>\n<td class=\"column-3\">Yanmar 3TNV76 \/ 3TNV80F<\/td>\n<\/tr>\n<tr class=\"row-9 odd\">\n<td class=\"column-1\">Moc silnika<\/td>\n<td class=\"column-2\">kW\/rpm<\/td>\n<td class=\"column-3\">14.5\/2400 \/ 15.2\/2500<\/td>\n<\/tr>\n<tr class=\"row-10 even\">\n<td class=\"column-1\">Max. zdolno\u015b\u0107 pokonywania wzniesie\u0144<\/td>\n<td class=\"column-2\"><\/td>\n<td class=\"column-3\">30\u00b0<\/td>\n<\/tr>\n<tr class=\"row-11 odd\">\n<td class=\"column-1\">Maksymalna si\u0142a kopania ramienia<\/td>\n<td class=\"column-2\">kN<\/td>\n<td class=\"column-3\">14.4<\/td>\n<\/tr>\n<tr class=\"row-12 even\">\n<td class=\"column-1\">Maksymalna si\u0142a kopania \u0142y\u017cki<\/td>\n<td class=\"column-2\">kN<\/td>\n<td class=\"column-3\">23.1<\/td>\n<\/tr>\n<tr class=\"row-13 odd\">\n<td class=\"column-1\">Pr\u0119dko\u015b\u0107 jazdy<\/td>\n<td class=\"column-2\">km\/h<\/td>\n<td class=\"column-3\">2.3\/4.2<\/td>\n<\/tr>\n<tr class=\"row-14 even\">\n<td class=\"column-1\">Maksymalna si\u0142a uci\u0105gu<\/td>\n<td class=\"column-2\">kN<\/td>\n<td class=\"column-3\">26<\/td>\n<\/tr>\n<tr class=\"row-15 odd\">\n<td class=\"column-1\">Pr\u0119dko\u015b\u0107 obrotu platformy<\/td>\n<td class=\"column-2\">rpm<\/td>\n<td class=\"column-3\">10~12<\/td>\n<\/tr>\n<tr class=\"row-16 even\">\n<td class=\"column-1\"><strong>Parametry operacyjne<\/strong><\/td>\n<td class=\"column-2\"><\/td>\n<td class=\"column-3\"><\/td>\n<\/tr>\n<tr class=\"row-17 odd\">\n<td class=\"column-1\">Maks. wysoko\u015b\u0107 kopania<\/td>\n<td class=\"column-2\">mm<\/td>\n<td class=\"column-3\">4170<\/td>\n<\/tr>\n<tr class=\"row-18 even\">\n<td class=\"column-1\">Maks. g\u0142\u0119boko\u015b\u0107 kopania<\/td>\n<td class=\"column-2\">mm<\/td>\n<td class=\"column-3\">2540<\/td>\n<\/tr>\n<tr class=\"row-19 odd\">\n<td class=\"column-1\">Maks. promie\u0144 kopania<\/td>\n<td class=\"column-2\">mm<\/td>\n<td class=\"column-3\">4520<\/td>\n<\/tr>\n<tr class=\"row-20 even\">\n<td class=\"column-1\">Maks. promie\u0144 kopania na poziomie gruntu<\/td>\n<td class=\"column-2\">mm<\/td>\n<td class=\"column-3\">4400<\/td>\n<\/tr>\n<tr class=\"row-21 odd\">\n<td class=\"column-1\">Maks. wysoko\u015b\u0107 zrzutu<\/td>\n<td class=\"column-2\">mm<\/td>\n<td class=\"column-3\">2780<\/td>\n<\/tr>\n<tr class=\"row-22 even\">\n<td class=\"column-1\">Min. promie\u0144 obrotu<\/td>\n<td class=\"column-2\">mm<\/td>\n<td class=\"column-3\">1950<\/td>\n<\/tr>\n<tr class=\"row-23 odd\">\n<td class=\"column-1\">Maks. g\u0142\u0119boko\u015b\u0107 kopania w pionie<\/td>\n<td class=\"column-2\">mm<\/td>\n<td class=\"column-3\">2240<\/td>\n<\/tr>\n<tr class=\"row-24 even\">\n<td class=\"column-1\">Max. dozer balde heigh<\/td>\n<td class=\"column-2\">mm<\/td>\n<td class=\"column-3\">340<\/td>\n<\/tr>\n<tr class=\"row-25 odd\">\n<td class=\"column-1\">Mzx. dozer blade depth<\/td>\n<td class=\"column-2\">mm<\/td>\n<td class=\"column-3\">355<\/td>\n<\/tr>\n<tr class=\"row-26 even\">\n<td class=\"column-1\"><strong>Wymiary transportowe<br \/>\n<\/strong><\/td>\n<td class=\"column-2\"><\/td>\n<td class=\"column-3\"><\/td>\n<\/tr>\n<tr class=\"row-27 odd\">\n<td class=\"column-1\">D\u0142ugo\u015b\u0107 ca\u0142kowita<\/td>\n<td class=\"column-2\">mm<\/td>\n<td class=\"column-3\">4110<\/td>\n<\/tr>\n<tr class=\"row-28 even\">\n<td class=\"column-1\">Szeroko\u015b\u0107 ca\u0142kowita<\/td>\n<td class=\"column-2\">mm<\/td>\n<td class=\"column-3\">1500<\/td>\n<\/tr>\n<tr class=\"row-29 odd\">\n<td class=\"column-1\">Wysoko\u015b\u0107 ca\u0142kowita<\/td>\n<td class=\"column-2\">mm<\/td>\n<td class=\"column-3\">2490<\/td>\n<\/tr>\n<tr class=\"row-30 even\">\n<td class=\"column-1\"><strong>Inne parametry<\/strong><\/td>\n<td class=\"column-2\"><\/td>\n<td class=\"column-3\"><\/td>\n<\/tr>\n<tr class=\"row-31 odd\">\n<td class=\"column-1\">Szeroko\u015b\u0107 podwozia<\/td>\n<td class=\"column-2\">mm<\/td>\n<td class=\"column-3\">1500<\/td>\n<\/tr>\n<tr class=\"row-32 even\">\n<td class=\"column-1\">D\u0142ugo\u015b\u0107 toru<\/td>\n<td class=\"column-2\">mm<\/td>\n<td class=\"column-3\">2040<\/td>\n<\/tr>\n<tr class=\"row-33 odd\">\n<td class=\"column-1\">Szeroko\u015b\u0107 toru<\/td>\n<td class=\"column-2\">mm<\/td>\n<td class=\"column-3\">250<\/td>\n<\/tr>\n<tr class=\"row-34 even\">\n<td class=\"column-1\">Wysoko\u015b\u0107 pomi\u0119dzy podwoziem a pod\u0142o\u017cem<\/td>\n<td class=\"column-2\">mm<\/td>\n<td class=\"column-3\">320<\/td>\n<\/tr>\n<tr class=\"row-35 odd\">\n<td class=\"column-1\">Wysoko\u015b\u0107 pomi\u0119dzy platform\u0105 a pod\u0142o\u017cem<\/td>\n<td class=\"column-2\">mm<\/td>\n<td class=\"column-3\">525<\/td>\n<\/tr>\n<tr class=\"row-36 even\">\n<td class=\"column-1\">Promie\u0144 skr\u0119tu ogona platformy<\/td>\n<td class=\"column-2\">mm<\/td>\n<td class=\"column-3\">750<\/td>\n<\/tr>\n<tr class=\"row-37 odd\">\n<td class=\"column-1\">D\u0142ugo\u015b\u0107 do \u015brodka rolek<\/td>\n<td class=\"column-2\">mm<\/td>\n<td class=\"column-3\">1590<\/td>\n<\/tr>\n<tr class=\"row-38 even\">\n<td class=\"column-1\">Pojemno\u015b\u0107 baku<\/td>\n<td class=\"column-2\">L<\/td>\n<td class=\"column-3\">30<\/td>\n<\/tr>\n<tr class=\"row-39 odd\">\n<td class=\"column-1\">Pojemno\u015b\u0107 zbiornika oleju hydraulicznego<\/td>\n<td class=\"column-2\">L<\/td>\n<td class=\"column-3\">25<\/td>\n<\/tr>\n<tr class=\"row-40 even\">\n<td class=\"column-1\">Szeroko\u015b\u0107 toru<\/td>\n<td class=\"column-2\"><\/td>\n<td class=\"column-3\">1590<\/td>\n<\/tr>\n<tr class=\"row-41 odd\">\n<td class=\"column-1\">Ci\u015bnienie robocze<\/td>\n<td class=\"column-2\">Mpa<\/td>\n<td class=\"column-3\">24<\/td>\n<\/tr>\n<tr class=\"row-42 even\">\n<td class=\"column-1\">Ground Contact Pressure<\/td>\n<td class=\"column-2\">kPa<\/td>\n<td class=\"column-3\">30<\/td>\n<\/tr>\n<tr class=\"row-43 odd\">\n<td class=\"column-1\">D\u0142ugo\u015b\u0107 ramienia<\/td>\n<td class=\"column-2\">mm<\/td>\n<td class=\"column-3\">2020<\/td>\n<\/tr>\n<tr class=\"row-44 even\">\n<td class=\"column-1\">D\u0142ugo\u015b\u0107 wysi\u0119gnika<\/td>\n<td class=\"column-2\">mm<\/td>\n<td class=\"column-3\"><\/td>\n<\/tr>\n<tr class=\"row-45 odd\">\n<td class=\"column-1\">K\u0105t g\u0142\u00f3wki ramy<\/td>\n<td class=\"column-2\"><\/td>\n<td class=\"column-3\">47\u00b0 (L) \/ 74\u00b0 \u00ae<\/td>\n<\/tr>\n<tr class=\"row-46 even\">\n<td class=\"column-1\">Pr\u0119dko\u015b\u0107 przep\u0142ywu<\/td>\n<td class=\"column-2\">L\/Min<\/td>\n<td class=\"column-3\">61.6<\/td>\n<\/tr>\n<\/tbody>\n<\/table>\n<div class=\"elementor-element elementor-element-6b6684d e-con-full e-flex e-con e-child\" data-id=\"6b6684d\" data-element_type=\"container\">\n<div class=\"elementor-element elementor-element-306eb2c elementor-widget elementor-widget-heading\" data-id=\"306eb2c\" data-element_type=\"widget\" data-widget_type=\"heading.default\">\n<div class=\"elementor-widget-container\">\n<div class=\"elementor-element elementor-element-306eb2c elementor-widget elementor-widget-heading\" data-id=\"306eb2c\" data-element_type=\"widget\" data-widget_type=\"heading.default\">\n<div class=\"elementor-widget-container\">\n<h2 class=\"elementor-heading-title elementor-size-default\" style=\"text-align: left;\">Pe\u0142na kabina<\/h2>\n<\/div>\n<\/div>\n<div class=\"elementor-element elementor-element-76ff9e5 elementor-widget elementor-widget-text-editor\" style=\"text-align: left;\" data-id=\"76ff9e5\" data-element_type=\"widget\" data-widget_type=\"text-editor.default\">\n<div class=\"elementor-widget-container\">Przestronna i komfortowa kabina z podwy\u017cszanym fotelem zapewniaj\u0105cym ergonomi\u0119 podczas pracy.<\/div>\n<div>Kabina wyposa\u017cona jest w ogrzewanie i dotykowy ekran LCD na bie\u017c\u0105co wskazuj\u0105cy najwa\u017cniejsze parametry pracy maszyny.<\/div>\n<div><\/div>\n<\/div>\n<h2 class=\"elementor-heading-title elementor-size-default\" style=\"text-align: left;\">Sterowanie joystickami hydraulicznymi<\/h2>\n<\/div>\n<\/div>\n<div class=\"elementor-element elementor-element-76ff9e5 elementor-widget elementor-widget-text-editor\" style=\"text-align: left;\" data-id=\"76ff9e5\" data-element_type=\"widget\" data-widget_type=\"text-editor.default\">\n<div class=\"elementor-widget-container\">Lata do\u015bwiadcze\u0144 w budowaniu koparek pozwoli\u0142y na uzyskanie wyj\u0105tkowej precyzji ruch\u00f3w przy zastosowaniu joystick\u00f3w hydraulicznych. Joysticki w koparce U27 do tak wysterowane, aby zapewni\u0107 du\u017c\u0105 precyzj\u0119 ruch\u00f3w i \u0142atwo\u015b\u0107 operowania.<\/div>\n<\/div>\n<div class=\"elementor-element elementor-element-c18b4b0 elementor-widget-divider--view-line elementor-widget elementor-widget-divider\" style=\"text-align: left;\" data-id=\"c18b4b0\" data-element_type=\"widget\" data-widget_type=\"divider.default\">\n<div class=\"elementor-widget-container\">\n<div class=\"elementor-divider\"><\/div>\n<\/div>\n<\/div>\n<div class=\"elementor-element elementor-element-12c7d14 elementor-widget elementor-widget-heading\" style=\"text-align: left;\" data-id=\"12c7d14\" data-element_type=\"widget\" data-widget_type=\"heading.default\">\n<div class=\"elementor-widget-container\">\n<h2 class=\"elementor-heading-title elementor-size-default\">Skr\u0119tne rami\u0119 dla wi\u0119kszego komfortu<\/h2>\n<\/div>\n<\/div>\n<div class=\"elementor-element elementor-element-6dd32b7 elementor-widget elementor-widget-text-editor\" style=\"text-align: left;\" data-id=\"6dd32b7\" data-element_type=\"widget\" data-widget_type=\"text-editor.default\">\n<div class=\"elementor-widget-container\">\n<p>Maksymalny k\u0105t odchylenia w lewo wynosi 60\u00b0.<\/p>\n<p>Maksymalny k\u0105t odchylenia w prawo wynosi 55\u00b0.<\/p>\n<p>Poprawia mo\u017cliwo\u015bci kopania, ma\u0142e przestrzenie nie stanowi\u0105 wyzwania. Skr\u0119tne rami\u0119 to elastyczno\u015b\u0107 koparki, zmniejsza przestrze\u0144 robocz\u0105. Mo\u017cliwo\u015b\u0107 kopania bezpo\u015brednio przy \u015bcianach, ogrodzeniach, w ciasnych pomieszczeniach.<\/p>\n<\/div>\n<\/div>\n<div class=\"elementor-element elementor-element-37fc597 elementor-widget-divider--view-line elementor-widget elementor-widget-divider\" style=\"text-align: left;\" data-id=\"37fc597\" data-element_type=\"widget\" data-widget_type=\"divider.default\">\n<div class=\"elementor-widget-container\">\n<div class=\"elementor-divider\"><\/div>\n<\/div>\n<\/div>\n<div class=\"elementor-element elementor-element-fc4313d elementor-widget elementor-widget-heading\" style=\"text-align: left;\" data-id=\"fc4313d\" data-element_type=\"widget\" data-widget_type=\"heading.default\">\n<div class=\"elementor-widget-container\">\n<h2 class=\"elementor-heading-title elementor-size-default\">R\u00f3\u017cnorodne osprz\u0119ty<\/h2>\n<\/div>\n<\/div>\n<div class=\"elementor-element elementor-element-8fa384b elementor-widget elementor-widget-text-editor\" data-id=\"8fa384b\" data-element_type=\"widget\" data-widget_type=\"text-editor.default\">\n<div class=\"elementor-widget-container\">\n<div class=\"flex-1 overflow-hidden\">\n<div class=\"react-scroll-to-bottom--css-yqmyt-79elbk h-full\">\n<div class=\"react-scroll-to-bottom--css-yqmyt-1n7m0yu\">\n<div class=\"flex flex-col text-sm pb-9\">\n<div class=\"w-full text-token-text-primary\" data-testid=\"conversation-turn-15\">\n<div class=\"px-4 py-2 justify-center text-base md:gap-6 m-auto\">\n<div class=\"flex flex-1 text-base mx-auto gap-3 md:px-5 lg:px-1 xl:px-5 md:max-w-3xl lg:max-w-[40rem] xl:max-w-[48rem] group final-completion\">\n<div class=\"relative flex w-full flex-col agent-turn\">\n<div class=\"flex-col gap-1 md:gap-3\">\n<div class=\"flex flex-grow flex-col max-w-full\">\n<div class=\"min-h-[20px] text-message flex flex-col items-start gap-3 whitespace-pre-wrap break-words [.text-message+&amp;]:mt-5 overflow-x-auto\" data-message-author-role=\"assistant\" data-message-id=\"3eae9d38-1334-4e56-9446-e22fe02986b7\">\n<div class=\"markdown prose w-full break-words dark:prose-invert dark\">\n<p style=\"text-align: left;\">4 dodatkowe wyj\u015bcia hydrauliczne na ramieniu czyni\u0105 z tej koparki i\u015bcie wielofunkcyjne narz\u0119dzie.<\/p>\n<p style=\"text-align: left;\">Istniej mo\u017cliwo\u015b\u0107 pod\u0142\u0105czenia r\u00f3\u017cnorodnego osprz\u0119tu. Pocz\u0105wszy od zwyk\u0142ej \u0142y\u017cki, poprzez \u0142y\u017cki hydrauliczne, szybkoz\u0142\u0105cza, chwytaki do drewna, proste chwytaki do sprz\u0105tania, wiertnice, kosiarki do trawy, a\u017c po urz\u0105dzenia typu tilt czy roto-tilt.<\/p>\n<div class=\"elementor-element elementor-element-6b6684d e-con-full e-flex e-con e-child\" style=\"text-align: left;\" data-id=\"6b6684d\" data-element_type=\"container\">\n<div class=\"elementor-element elementor-element-8fa384b elementor-widget elementor-widget-text-editor\" data-id=\"8fa384b\" data-element_type=\"widget\" data-widget_type=\"text-editor.default\">\n<div class=\"elementor-widget-container\">\n<div class=\"flex-1 overflow-hidden\">\n<div class=\"react-scroll-to-bottom--css-yqmyt-79elbk h-full\">\n<div class=\"react-scroll-to-bottom--css-yqmyt-1n7m0yu\">\n<div class=\"flex flex-col text-sm pb-9\">\n<div class=\"w-full text-token-text-primary\" data-testid=\"conversation-turn-15\">\n<div class=\"px-4 py-2 justify-center text-base md:gap-6 m-auto\">\n<div class=\"flex flex-1 text-base mx-auto gap-3 md:px-5 lg:px-1 xl:px-5 md:max-w-3xl lg:max-w-[40rem] xl:max-w-[48rem] group final-completion\">\n<div class=\"relative flex w-full flex-col agent-turn\">\n<div class=\"flex-col gap-1 md:gap-3\">\n<div class=\"flex flex-grow flex-col max-w-full\">\n<div class=\"min-h-[20px] text-message flex flex-col items-start gap-3 whitespace-pre-wrap break-words [.text-message+&amp;]:mt-5 overflow-x-auto\" data-message-author-role=\"assistant\" data-message-id=\"3eae9d38-1334-4e56-9446-e22fe02986b7\">\n<div class=\"markdown prose w-full break-words dark:prose-invert dark\">\n<p>&nbsp;<\/p>\n<\/div>\n<\/div>\n<\/div>\n<\/div>\n<\/div>\n<\/div>\n<\/div>\n<\/div>\n<\/div>\n<\/div>\n<\/div>\n<\/div>\n<\/div>\n<\/div>\n<\/div>\n<div class=\"elementor-element elementor-element-3c142ec e-con-full e-flex e-con e-child\" data-id=\"3c142ec\" data-element_type=\"container\">\n<div class=\"elementor-element elementor-element-3b971f4 elementor-widget elementor-widget-image\" data-id=\"3b971f4\" data-element_type=\"widget\" data-widget_type=\"image.default\">\n<div class=\"elementor-element elementor-element-b8546fe elementor-widget-divider--view-line elementor-widget elementor-widget-divider\" style=\"text-align: left;\" data-id=\"b8546fe\" data-element_type=\"widget\" data-widget_type=\"divider.default\">\n<div class=\"elementor-widget-container\">\n<div class=\"elementor-divider\"><\/div>\n<\/div>\n<\/div>\n<div class=\"elementor-element elementor-element-94d3b82 elementor-widget elementor-widget-heading\" style=\"text-align: left;\" data-id=\"94d3b82\" data-element_type=\"widget\" data-widget_type=\"heading.default\">\n<div class=\"elementor-widget-container\">\n<h2 class=\"elementor-heading-title elementor-size-default\">Zero zachodz\u0105ca<\/h2>\n<\/div>\n<\/div>\n<div class=\"elementor-element elementor-element-6639f1a elementor-widget elementor-widget-text-editor\" data-id=\"6639f1a\" data-element_type=\"widget\" data-widget_type=\"text-editor.default\">\n<div class=\"elementor-widget-container\">\n<div class=\"flex-1 overflow-hidden\">\n<div class=\"react-scroll-to-bottom--css-yqmyt-79elbk h-full\">\n<div class=\"react-scroll-to-bottom--css-yqmyt-1n7m0yu\">\n<div class=\"flex flex-col text-sm pb-9\">\n<div class=\"w-full text-token-text-primary\" data-testid=\"conversation-turn-15\">\n<div class=\"px-4 py-2 justify-center text-base md:gap-6 m-auto\">\n<div class=\"flex flex-1 text-base mx-auto gap-3 md:px-5 lg:px-1 xl:px-5 md:max-w-3xl lg:max-w-[40rem] xl:max-w-[48rem] group final-completion\">\n<div class=\"relative flex w-full flex-col agent-turn\">\n<div class=\"flex-col gap-1 md:gap-3\">\n<div class=\"flex flex-grow flex-col max-w-full\">\n<div class=\"min-h-[20px] text-message flex flex-col items-start gap-3 whitespace-pre-wrap break-words [.text-message+&amp;]:mt-5 overflow-x-auto\" data-message-author-role=\"assistant\" data-message-id=\"3eae9d38-1334-4e56-9446-e22fe02986b7\">\n<div class=\"markdown prose w-full break-words dark:prose-invert dark\">\n<p style=\"text-align: left;\">Ca\u0142kowita szeroko\u015b\u0107 korpusu nie przekracza szeroko\u015bci obu stron g\u0105sienic, dzi\u0119ki czemu koparka nie zawadzi tali\u0105 o przeszkody. \u0141atwe operowanie w ciasnych przestrzeniach.<\/p>\n<\/div>\n<\/div>\n<\/div>\n<\/div>\n<\/div>\n<\/div>\n<\/div>\n<\/div>\n<\/div>\n<\/div>\n<\/div>\n<\/div>\n<\/div>\n<\/div>\n<\/div>\n<\/div>\n<\/div>\n<\/div>\n<\/div>\n<\/div>\n<\/div>\n<\/div>\n<\/div>\n<\/div>\n<\/div>\n<\/div>\n<\/div>\n<\/div>\n<\/div>\n<\/div>\n<\/div>","protected":false},"excerpt":{"rendered":"<p>Uwaga! Ze wzgl\u0119du na konieczno\u015b\u0107 indywidualnej wyceny dostawy, tego produktu nie mo\u017cna kupi\u0107 przez online. W celu zakupu prosimy o kontakt z naszym sklepem. SPECYFIKACJA Specyfikacja Jednostki Warto\u015b\u0107 Model koparki U27 Parametry Podstawowe Ci\u0119\u017car maszyny kg 2600 (Canopy) \/ 2740 (Cabin) Pojemno\u015b\u0107 \u0142y\u017cki m\u00b3 0.09 Pojemno\u015b\u0107 \u0142y\u017cki mm 510 Paramentr wydajno\u015bci Model silnika Yanmar 3TNV76 [&hellip;]<\/p>","protected":false},"featured_media":1213,"comment_status":"open","ping_status":"closed","template":"","meta":{"_acf_changed":false},"product_brand":[],"product_cat":[46],"product_tag":[],"class_list":{"0":"post-775","1":"product","2":"type-product","3":"status-publish","4":"has-post-thumbnail","6":"product_cat-mini-koparki","8":"first","9":"onbackorder","10":"taxable","11":"shipping-taxable","12":"purchasable","13":"product-type-simple"},"acf":[],"_links":{"self":[{"href":"https:\/\/sklep.nex-group.pl\/en\/wp-json\/wp\/v2\/product\/775","targetHints":{"allow":["GET"]}}],"collection":[{"href":"https:\/\/sklep.nex-group.pl\/en\/wp-json\/wp\/v2\/product"}],"about":[{"href":"https:\/\/sklep.nex-group.pl\/en\/wp-json\/wp\/v2\/types\/product"}],"replies":[{"embeddable":true,"href":"https:\/\/sklep.nex-group.pl\/en\/wp-json\/wp\/v2\/comments?post=775"}],"wp:featuredmedia":[{"embeddable":true,"href":"https:\/\/sklep.nex-group.pl\/en\/wp-json\/wp\/v2\/media\/1213"}],"wp:attachment":[{"href":"https:\/\/sklep.nex-group.pl\/en\/wp-json\/wp\/v2\/media?parent=775"}],"wp:term":[{"taxonomy":"product_brand","embeddable":true,"href":"https:\/\/sklep.nex-group.pl\/en\/wp-json\/wp\/v2\/product_brand?post=775"},{"taxonomy":"product_cat","embeddable":true,"href":"https:\/\/sklep.nex-group.pl\/en\/wp-json\/wp\/v2\/product_cat?post=775"},{"taxonomy":"product_tag","embeddable":true,"href":"https:\/\/sklep.nex-group.pl\/en\/wp-json\/wp\/v2\/product_tag?post=775"}],"curies":[{"name":"wp","href":"https:\/\/api.w.org\/{rel}","templated":true}]}}