{"id":777,"date":"2024-06-11T11:17:35","date_gmt":"2024-06-11T09:17:35","guid":{"rendered":"https:\/\/sklep.nex-group.pl\/?post_type=product&#038;p=777"},"modified":"2026-01-19T14:56:14","modified_gmt":"2026-01-19T13:56:14","slug":"yuchai-yc-18-9","status":"publish","type":"product","link":"https:\/\/sklep.nex-group.pl\/en\/product\/yuchai-yc-18-9\/","title":{"rendered":"YUCHAI YC 18-9"},"content":{"rendered":"<h2 style=\"color: red;\" tabindex=\"0\" role=\"button\" data-tab=\"1\" aria-controls=\"elementor-tab-content-1861\" aria-expanded=\"true\" aria-selected=\"true\"><em>Uwaga! Ze wzgl\u0119du na konieczno\u015b\u0107 indywidualnej wyceny dostawy, tego produktu nie mo\u017cna kupi\u0107 przez online. W celu zakupu prosimy o kontakt z naszym sklepem.<\/em><\/h2>\n<h2 style=\"color: red;\" tabindex=\"0\" role=\"button\" data-tab=\"1\" aria-controls=\"elementor-tab-content-1861\" aria-expanded=\"true\" aria-selected=\"true\"><em>Uwaga! Ze wzgl\u0119du na konieczno\u015b\u0107 indywidualnej wyceny dostawy, tego produktu nie mo\u017cna kupi\u0107 przez online. W celu zakupu prosimy o kontakt z naszym sklepem.<\/em><\/h2>\n<h2 tabindex=\"0\" role=\"button\" data-tab=\"1\" aria-controls=\"elementor-tab-content-1861\" aria-expanded=\"true\" aria-selected=\"true\">YUCHAI YC18-9 standardowo wyposa\u017cony w rozsuwane g\u0105sienice, ramie skr\u0119tne, dodatkowe linie hydrauliczne, dwie pr\u0119dko\u015bci jazdy, ogrzewanie, o\u015bwietlenie LED. Nap\u0119dza j\u0105 silnik Yanmar 3TNV76. Model ten posiada konstrukcj\u0119 z przeciwwag\u0105, dzi\u0119ki czemu uzyskano wyj\u0105tkow\u0105 stabilno\u015b\u0107 oraz zwi\u0119kszon\u0105 przestrze\u0144 dla operatora w kabinie.<\/h2>\n<p>&nbsp;<\/p>\n<div class=\"elementor-element elementor-element-6f4c6e5 elementor-widget elementor-widget-heading\" data-id=\"6f4c6e5\" data-element_type=\"widget\" data-widget_type=\"heading.default\">\n<div class=\"elementor-widget-container\">\n<h2 class=\"elementor-heading-title elementor-size-default\"><span style=\"color: #000000;\">Adaptacyjno\u015b\u0107<\/span><\/h2>\n<\/div>\n<\/div>\n<div class=\"elementor-element elementor-element-920d548 elementor-widget elementor-widget-text-editor\" data-id=\"920d548\" data-element_type=\"widget\" data-widget_type=\"text-editor.default\">\n<div class=\"elementor-widget-container\">\n<p>Si\u0142ownik umieszczony z do\u0142u ramienia zapewnia wi\u0119ksz\u0105 si\u0142\u0119 podnoszenia i rwania.<\/p>\n<p>Skr\u0119tne ramia u\u0142atwia obkopywanie budynk\u00f3w i p\u0142ot\u00f3w oraz prac\u0119 w trudno dost\u0119pnych miejscach.<\/p>\n<p>Szeroki wyb\u00f3r osprz\u0119tu tworzy z niej maszyn\u0119 wielofunkcyjn\u0105.<\/p>\n<\/div>\n<\/div>\n<div class=\"elementor-element elementor-element-64dbff3 elementor-widget-divider--view-line elementor-widget elementor-widget-divider\" data-id=\"64dbff3\" data-element_type=\"widget\" data-widget_type=\"divider.default\">\n<div class=\"elementor-widget-container\">\n<div class=\"elementor-divider\"><\/div>\n<\/div>\n<\/div>\n<div class=\"elementor-element elementor-element-860fbce elementor-widget elementor-widget-heading\" data-id=\"860fbce\" data-element_type=\"widget\" data-widget_type=\"heading.default\">\n<div class=\"elementor-widget-container\">\n<h2><\/h2>\n<h2 class=\"elementor-heading-title elementor-size-default\"><span style=\"color: #000000;\">Poprawiona stabilno\u015b\u0107<\/span><\/h2>\n<\/div>\n<\/div>\n<div class=\"elementor-element elementor-element-e612b40 elementor-widget elementor-widget-text-editor\" data-id=\"e612b40\" data-element_type=\"widget\" data-widget_type=\"text-editor.default\">\n<div class=\"elementor-widget-container\">\n<p>Specjalna konstrukcja z przeciwwag\u0105 i precyzyjnie obliczowy \u015brodek ci\u0119\u017cko\u015bci koparki sprawia, \u017ce maszyna jest niezwykle stabilna podczas pracy.<\/p>\n<p>Rozsuwane podwozie, kt\u00f3re zwi\u0119ksza szeroko\u015b\u0107 maszyny z 990 mm a\u017c do 1290 mm<\/p>\n<\/div>\n<\/div>\n<div class=\"elementor-divider\"><\/div>\n<div class=\"elementor-element elementor-element-a752516 elementor-widget elementor-widget-heading\" data-id=\"a752516\" data-element_type=\"widget\" data-widget_type=\"heading.default\">\n<div class=\"elementor-widget-container\">\n<h2><\/h2>\n<h2 class=\"elementor-heading-title elementor-size-default\"><span style=\"color: #000000;\">Poprawiony komfort<\/span><\/h2>\n<\/div>\n<\/div>\n<div class=\"elementor-element elementor-element-099634b elementor-widget elementor-widget-text-editor\" data-id=\"099634b\" data-element_type=\"widget\" data-widget_type=\"text-editor.default\">\n<div class=\"elementor-widget-container\">\n<div class=\"flex-1 overflow-hidden\">\n<div class=\"react-scroll-to-bottom--css-yqmyt-79elbk h-full\">\n<div class=\"react-scroll-to-bottom--css-yqmyt-1n7m0yu\">\n<div class=\"flex flex-col text-sm pb-9\">\n<div class=\"w-full text-token-text-primary\" data-testid=\"conversation-turn-15\">\n<div class=\"px-4 py-2 justify-center text-base md:gap-6 m-auto\">\n<div class=\"flex flex-1 text-base mx-auto gap-3 md:px-5 lg:px-1 xl:px-5 md:max-w-3xl lg:max-w-[40rem] xl:max-w-[48rem] group final-completion\">\n<div class=\"relative flex w-full flex-col agent-turn\">\n<div class=\"flex-col gap-1 md:gap-3\">\n<div class=\"flex flex-grow flex-col max-w-full\">\n<div class=\"min-h-[20px] text-message flex flex-col items-start gap-3 whitespace-pre-wrap break-words [.text-message+&amp;]:mt-5 overflow-x-auto\" data-message-author-role=\"assistant\" data-message-id=\"3eae9d38-1334-4e56-9446-e22fe02986b7\">\n<div class=\"markdown prose w-full break-words dark:prose-invert dark\">\n<p>Fotel z wysokim oparciem zwi\u0119ksza wygod\u0119 operatora.<\/p>\n<p>Dzi\u0119ki konstrukcji opartej na przeciwwadze uda\u0142o si\u0119 uzyska\u0107 wn\u0119trze, kt\u00f3re jest przestronne a dzi\u0119ki temu bardziej komfortowe do pracy.<\/p>\n<p>&nbsp;<\/p>\n<\/div>\n<\/div>\n<\/div>\n<\/div>\n<\/div>\n<\/div>\n<\/div>\n<\/div>\n<\/div>\n<\/div>\n<\/div>\n<\/div>\n<\/div>\n<\/div>\n<h2 id=\"elementor-tab-title-1861\" class=\"elementor-tab-title elementor-active\" tabindex=\"0\" role=\"button\" data-tab=\"1\" aria-controls=\"elementor-tab-content-1861\" aria-expanded=\"true\" aria-selected=\"true\"><a class=\"elementor-toggle-title\" tabindex=\"0\">SPECYFIKACJA<\/a><\/h2>\n<table width=\"1419\">\n<tbody>\n<tr>\n<td width=\"835\">Model koparki : <strong>YC 18-9<\/strong><\/td>\n<\/tr>\n<tr>\n<td width=\"835\"><strong>Parametry Podstawowe<\/strong><\/td>\n<\/tr>\n<tr>\n<td width=\"835\">Ci\u0119\u017car maszyny : <strong>1850kg <\/strong><\/td>\n<\/tr>\n<tr>\n<td width=\"835\">Pojemno\u015b\u0107 \u0142y\u017cki : <strong>0,05m\u00b3<\/strong><\/td>\n<\/tr>\n<tr>\n<td width=\"835\">Szeroko\u015b\u0107 \u0142y\u017cki : <strong>470mm<\/strong><\/td>\n<\/tr>\n<tr>\n<td width=\"835\"><strong>Paramentr wydajno\u015bci<\/strong><\/td>\n<\/tr>\n<tr>\n<td width=\"835\">Model silnika : <strong>Yanmar <\/strong><\/td>\n<\/tr>\n<tr>\n<td width=\"835\">Moc silnika : <strong>15.1\/2400 kW\/rpm<\/strong><\/td>\n<\/tr>\n<tr>\n<td width=\"835\">Max. zdolno\u015b\u0107 pokonywania wzniesie\u0144 : <strong>30\u00b0<\/strong><\/td>\n<\/tr>\n<tr>\n<td width=\"835\">Maksymalna si\u0142a kopania ramienia :<strong> 8 kN<\/strong><\/td>\n<\/tr>\n<tr>\n<td width=\"835\">Maksymalna si\u0142a kopania \u0142y\u017cki : <strong>125 kN<\/strong><\/td>\n<\/tr>\n<tr>\n<td width=\"835\">Pr\u0119dko\u015b\u0107 jazdy : <strong>2-4 km\/h<\/strong><\/td>\n<\/tr>\n<tr>\n<td width=\"835\"><\/td>\n<\/tr>\n<tr>\n<td width=\"835\">Pr\u0119dko\u015b\u0107 obrotu platformy : <strong>9- 11 rpm<\/strong><\/td>\n<\/tr>\n<tr>\n<td width=\"835\"><strong>Parametry operacyjne<\/strong><\/td>\n<\/tr>\n<tr>\n<td width=\"835\">Maks. wysoko\u015b\u0107 kopania : <strong>2940 mm<\/strong><\/td>\n<\/tr>\n<tr>\n<td width=\"835\">Maks. g\u0142\u0119boko\u015b\u0107 kopania : <strong>2200 mm <\/strong><\/td>\n<\/tr>\n<tr>\n<td width=\"835\">Maks. promie\u0144 kopania : <strong>3645 mm<\/strong><\/td>\n<\/tr>\n<tr>\n<td width=\"835\">Maks. promie\u0144 kopania na poziomie gruntu :<strong> 3540mm<\/strong><\/td>\n<\/tr>\n<tr>\n<td width=\"835\">Maks. wysoko\u015b\u0107 zrzutu : <strong>1955mm<\/strong><\/td>\n<\/tr>\n<tr>\n<td width=\"835\">Min. promie\u0144 obrotu : <strong>1720mm<\/strong><\/td>\n<\/tr>\n<tr>\n<td width=\"835\">Maks. g\u0142\u0119boko\u015b\u0107 kopania w pionie : <strong>1225mm<\/strong><\/td>\n<\/tr>\n<\/tbody>\n<\/table>\n<h2 id=\"elementor-tab-title-3681\" class=\"elementor-tab-title elementor-active\" tabindex=\"0\" role=\"button\" data-tab=\"1\" aria-controls=\"elementor-tab-content-3681\" aria-expanded=\"true\" aria-selected=\"true\"><a class=\"elementor-toggle-title\" tabindex=\"0\">WYMIARY\u00a0<\/a><\/h2>\n<table width=\"1419\">\n<tbody>\n<tr>\n<td width=\"835\"><strong>Wymiary transportowe<\/strong><\/td>\n<\/tr>\n<tr>\n<td width=\"835\">D\u0142ugo\u015b\u0107 ca\u0142kowita : <strong>3750mm <\/strong><\/td>\n<\/tr>\n<tr>\n<td width=\"835\">Szeroko\u015b\u0107 ca\u0142kowita : <strong>990mm<\/strong><\/td>\n<\/tr>\n<tr>\n<td width=\"835\">Wysoko\u015b\u0107 ca\u0142kowita : <strong>2340mm<\/strong><\/td>\n<\/tr>\n<tr>\n<td width=\"835\"><strong>Inne parametry<\/strong><\/td>\n<\/tr>\n<tr>\n<td width=\"835\">Szeroko\u015b\u0107 podwozia : <strong>990 \u2013 1290 mm <\/strong><\/td>\n<\/tr>\n<tr>\n<td width=\"835\">D\u0142ugo\u015b\u0107 toru : <strong>1585mm<\/strong><\/td>\n<\/tr>\n<tr>\n<td width=\"835\">Szeroko\u015b\u0107 toru : <strong>230mm <\/strong><\/td>\n<\/tr>\n<tr>\n<td width=\"835\">Wysoko\u015b\u0107 pomi\u0119dzy podwoziem a pod\u0142o\u017cem <strong>180mm<\/strong><\/td>\n<\/tr>\n<tr>\n<td width=\"835\">Wysoko\u015b\u0107 pomi\u0119dzy platform\u0105 a pod\u0142o\u017cem\u00a0 <strong>460mm <\/strong><\/td>\n<\/tr>\n<tr>\n<td width=\"835\">Promie\u0144 skr\u0119tu\u00a0 : <strong>1140mm <\/strong><\/td>\n<\/tr>\n<tr>\n<td width=\"835\"><\/td>\n<\/tr>\n<tr>\n<td width=\"835\">Pojemno\u015b\u0107 baku : <strong>20L<\/strong><\/td>\n<\/tr>\n<tr>\n<td width=\"835\">Pojemno\u015b\u0107 zbiornika oleju hydraulicznego :<strong> 22L<\/strong><\/td>\n<\/tr>\n<\/tbody>\n<\/table>","protected":false},"excerpt":{"rendered":"<p>Minikoparka kabinowa o konstrukcji klasycznej z solidn\u0105 przeciwwag\u0105 i przestronn\u0105 kabin\u0105.<\/p>","protected":false},"featured_media":1211,"comment_status":"open","ping_status":"closed","template":"","meta":{"_acf_changed":false},"product_brand":[],"product_cat":[46],"product_tag":[],"class_list":{"0":"post-777","1":"product","2":"type-product","3":"status-publish","4":"has-post-thumbnail","6":"product_cat-mini-koparki","8":"first","9":"onbackorder","10":"taxable","11":"shipping-taxable","12":"purchasable","13":"product-type-simple"},"acf":[],"_links":{"self":[{"href":"https:\/\/sklep.nex-group.pl\/en\/wp-json\/wp\/v2\/product\/777","targetHints":{"allow":["GET"]}}],"collection":[{"href":"https:\/\/sklep.nex-group.pl\/en\/wp-json\/wp\/v2\/product"}],"about":[{"href":"https:\/\/sklep.nex-group.pl\/en\/wp-json\/wp\/v2\/types\/product"}],"replies":[{"embeddable":true,"href":"https:\/\/sklep.nex-group.pl\/en\/wp-json\/wp\/v2\/comments?post=777"}],"wp:featuredmedia":[{"embeddable":true,"href":"https:\/\/sklep.nex-group.pl\/en\/wp-json\/wp\/v2\/media\/1211"}],"wp:attachment":[{"href":"https:\/\/sklep.nex-group.pl\/en\/wp-json\/wp\/v2\/media?parent=777"}],"wp:term":[{"taxonomy":"product_brand","embeddable":true,"href":"https:\/\/sklep.nex-group.pl\/en\/wp-json\/wp\/v2\/product_brand?post=777"},{"taxonomy":"product_cat","embeddable":true,"href":"https:\/\/sklep.nex-group.pl\/en\/wp-json\/wp\/v2\/product_cat?post=777"},{"taxonomy":"product_tag","embeddable":true,"href":"https:\/\/sklep.nex-group.pl\/en\/wp-json\/wp\/v2\/product_tag?post=777"}],"curies":[{"name":"wp","href":"https:\/\/api.w.org\/{rel}","templated":true}]}}