{"id":780,"date":"2024-06-05T13:53:23","date_gmt":"2024-06-05T11:53:23","guid":{"rendered":"https:\/\/sklep.nex-group.pl\/?post_type=product&#038;p=780"},"modified":"2025-03-27T14:35:14","modified_gmt":"2025-03-27T13:35:14","slug":"yuchai-z25","status":"publish","type":"product","link":"https:\/\/sklep.nex-group.pl\/en\/product\/yuchai-z25\/","title":{"rendered":"YUCHAI Z25"},"content":{"rendered":"<h2 tabindex=\"0\" role=\"button\" data-tab=\"1\" aria-controls=\"elementor-tab-content-1861\" aria-expanded=\"true\" aria-selected=\"true\" style=\"color: red;\"><em>Uwaga! Ze wzgl\u0119du na konieczno\u015b\u0107 indywidualnej wyceny dostawy, tego produktu nie mo\u017cna kupi\u0107 przez online. W celu zakupu prosimy o kontakt z naszym sklepem.<\/em><\/h2>\n<h2 id=\"elementor-tab-title-1861\" class=\"elementor-tab-title elementor-active\" tabindex=\"0\" role=\"button\" data-tab=\"1\" aria-controls=\"elementor-tab-content-1861\" aria-expanded=\"true\" aria-selected=\"true\"><a class=\"elementor-toggle-title\" tabindex=\"0\">SPECYFIKACJA<\/a><\/h2>\n<table id=\"tablepress-11\" class=\"tablepress tablepress-id-11\">\n<thead>\n<tr class=\"row-1 odd\">\n<th class=\"column-1\">Parametry wydajno\u015bci Z25<\/th>\n<th class=\"column-2\"><\/th>\n<th class=\"column-3\"><\/th>\n<\/tr>\n<\/thead>\n<tbody class=\"row-hover\">\n<tr class=\"row-2 even\">\n<td class=\"column-1\">Podstawowe parametry<\/td>\n<td class=\"column-2\"><\/td>\n<td class=\"column-3\"><\/td>\n<\/tr>\n<tr class=\"row-3 odd\">\n<td class=\"column-1\">Masa maszyny<\/td>\n<td class=\"column-2\">kg<\/td>\n<td class=\"column-3\">1880<\/td>\n<\/tr>\n<tr class=\"row-4 even\">\n<td class=\"column-1\">Nominowane obci\u0105\u017cenie operacyjne<\/td>\n<td class=\"column-2\">kg<\/td>\n<td class=\"column-3\">800<\/td>\n<\/tr>\n<tr class=\"row-5 odd\">\n<td class=\"column-1\">Maksymalna pr\u0119dko\u015b\u0107 jazdy<\/td>\n<td class=\"column-2\">km\/h<\/td>\n<td class=\"column-3\">0-12<\/td>\n<\/tr>\n<tr class=\"row-6 even\">\n<td class=\"column-1\">System hydrauliczny<\/td>\n<td class=\"column-2\"><\/td>\n<td class=\"column-3\"><\/td>\n<\/tr>\n<tr class=\"row-7 odd\">\n<td class=\"column-1\">Czyste sterowanie elektryczne<\/td>\n<td class=\"column-2\"><\/td>\n<td class=\"column-3\"><\/td>\n<\/tr>\n<tr class=\"row-8 even\">\n<td class=\"column-1\">Ci\u015bnienie robocze<\/td>\n<td class=\"column-2\">Mpa<\/td>\n<td class=\"column-3\">18<\/td>\n<\/tr>\n<tr class=\"row-9 odd\">\n<td class=\"column-1\">Bateria Systemowa bateria pakietowa\/wt\u00f3rna<\/td>\n<td class=\"column-2\"><\/td>\n<td class=\"column-3\">battery pack\/secondary<\/td>\n<\/tr>\n<tr class=\"row-10 even\">\n<td class=\"column-1\">Bateria Litowo-jonowa<\/td>\n<td class=\"column-2\"><\/td>\n<td class=\"column-3\">Lithium-ron<\/td>\n<\/tr>\n<tr class=\"row-11 odd\">\n<td class=\"column-1\">Napi\u0119cie baterii<\/td>\n<td class=\"column-2\">v<\/td>\n<td class=\"column-3\">96<\/td>\n<\/tr>\n<tr class=\"row-12 even\">\n<td class=\"column-1\">Pojemno\u015b\u0107 baterii (brutto)<\/td>\n<td class=\"column-2\">kWh<\/td>\n<td class=\"column-3\">21<\/td>\n<\/tr>\n<tr class=\"row-13 odd\">\n<td class=\"column-1\">Najszybszy czas \u0142adowania (od 20% do 80%, obs\u0142ugiwane przez szybk\u0105 \u0142adowark\u0119)<\/td>\n<td class=\"column-2\">h<\/td>\n<td class=\"column-3\">1<\/td>\n<\/tr>\n<tr class=\"row-14 even\">\n<td class=\"column-1\">Standardowa wytrzyma\u0142o\u015b\u0107 *<\/td>\n<td class=\"column-2\">h<\/td>\n<td class=\"column-3\">\u2265 6<\/td>\n<\/tr>\n<tr class=\"row-15 odd\">\n<td class=\"column-1\">Napi\u0119cie robocze<\/td>\n<td class=\"column-2\">v<\/td>\n<td class=\"column-3\">12<\/td>\n<\/tr>\n<tr class=\"row-16 even\">\n<td class=\"column-1\">Obci\u0105\u017cenie z kipplast z \u0142y\u017ck\u0105 &#8211; maszyna prosta, ramie podnosz\u0105ce poziome<\/td>\n<td class=\"column-2\">kg<\/td>\n<td class=\"column-3\">800<\/td>\n<\/tr>\n<tr class=\"row-17 odd\">\n<td class=\"column-1\">Obci\u0105\u017cenie z kipplast z \u0142y\u017ck\u0105 &#8211; maszyna skr\u0119cona, ramie podnosz\u0105ce poziome<\/td>\n<td class=\"column-2\">kg<\/td>\n<td class=\"column-3\">605<\/td>\n<\/tr>\n<tr class=\"row-18 even\">\n<td class=\"column-1\">Obci\u0105\u017cenie z kipplast z wide\u0142kami paletowymi &#8211; maszyna prosta, ramie podnosz\u0105ce poziome<\/td>\n<td class=\"column-2\">kg<\/td>\n<td class=\"column-3\">520<\/td>\n<\/tr>\n<tr class=\"row-19 odd\">\n<td class=\"column-1\">Obci\u0105\u017cenie z kipplast z wide\u0142kami paletowymi &#8211; maszyna skr\u0119cona, ramie podnosz\u0105ce poziome<\/td>\n<td class=\"column-2\">kg<\/td>\n<td class=\"column-3\">395<\/td>\n<\/tr>\n<tr class=\"row-20 even\">\n<td class=\"column-1\">System nap\u0119dowy<\/td>\n<td class=\"column-2\"><\/td>\n<td class=\"column-3\"><\/td>\n<\/tr>\n<tr class=\"row-21 odd\">\n<td class=\"column-1\">Nap\u0119d ko\u0142owy<\/td>\n<td class=\"column-2\"><\/td>\n<td class=\"column-3\"><\/td>\n<\/tr>\n<tr class=\"row-22 even\">\n<td class=\"column-1\">AUTO HOLD<\/td>\n<td class=\"column-2\"><\/td>\n<td class=\"column-3\"><\/td>\n<\/tr>\n<tr class=\"row-23 odd\">\n<td class=\"column-1\">Pojemno\u015b\u0107 zbiornika na olej hydrauliczny<\/td>\n<td class=\"column-2\">L<\/td>\n<td class=\"column-3\">8<\/td>\n<\/tr>\n<tr class=\"row-24 even\">\n<td class=\"column-1\">Zwi\u0119kszenie\/redukcja pr\u0119dko\u015bci jazdy<\/td>\n<td class=\"column-2\"><\/td>\n<td class=\"column-3\">2<\/td>\n<\/tr>\n<tr class=\"row-25 odd\">\n<td class=\"column-1\">Standardowa pr\u0119dko\u015b\u0107 jazdy<\/td>\n<td class=\"column-2\">km\/h<\/td>\n<td class=\"column-3\">0-12<\/td>\n<\/tr>\n<tr class=\"row-26 even\">\n<td class=\"column-1\">Maksymalny przep\u0142yw hydrauliczny<\/td>\n<td class=\"column-2\">L\/min<\/td>\n<td class=\"column-3\">36<\/td>\n<\/tr>\n<tr class=\"row-27 odd\">\n<td class=\"column-1\">Maksymalne ci\u015bnienie robocze<\/td>\n<td class=\"column-2\">bar<\/td>\n<td class=\"column-3\">180 bar<\/td>\n<\/tr>\n<tr class=\"row-28 even\">\n<td class=\"column-1\">Typ szybkiego z\u0142\u0105cza<\/td>\n<td class=\"column-2\"><\/td>\n<td class=\"column-3\">hydraulic<\/td>\n<\/tr>\n<tr class=\"row-29 odd\">\n<td class=\"column-1\">Cylinder podnoszenia<\/td>\n<td class=\"column-2\"><\/td>\n<td class=\"column-3\">2<\/td>\n<\/tr>\n<tr class=\"row-30 even\">\n<td class=\"column-1\">Cylinder kiprowania<\/td>\n<td class=\"column-2\"><\/td>\n<td class=\"column-3\">1<\/td>\n<\/tr>\n<tr class=\"row-31 odd\">\n<td class=\"column-1\">Rodzaj uk\u0142adu kierowniczego hydrauliczne uk\u0142ad kierowniczy z artkulowanym wahad\u0142em<\/td>\n<td class=\"column-2\"><\/td>\n<td class=\"column-3\">hydraulic articulated pendulum steering<\/td>\n<\/tr>\n<tr class=\"row-32 even\">\n<td class=\"column-1\">Cylinder kierowniczy<\/td>\n<td class=\"column-2\"><\/td>\n<td class=\"column-3\">1<\/td>\n<\/tr>\n<tr class=\"row-33 odd\">\n<td class=\"column-1\">K\u0105t oscylacji \u00b158 stopni<\/td>\n<td class=\"column-2\"><\/td>\n<td class=\"column-3\">\u00b158 degree<\/td>\n<\/tr>\n<tr class=\"row-34 even\">\n<td class=\"column-1\">Hamulec postojowy<\/td>\n<td class=\"column-2\"><\/td>\n<td class=\"column-3\">disc brake<\/td>\n<\/tr>\n<tr class=\"row-35 odd\">\n<td class=\"column-1\">A Ca\u0142kowita d\u0142ugo\u015b\u0107<\/td>\n<td class=\"column-2\">mm<\/td>\n<td class=\"column-3\">3850<\/td>\n<\/tr>\n<tr class=\"row-36 even\">\n<td class=\"column-1\">B Ca\u0142kowita d\u0142ugo\u015b\u0107 (bez \u0142y\u017cki)<\/td>\n<td class=\"column-2\">mm<\/td>\n<td class=\"column-3\">3000<\/td>\n<\/tr>\n<tr class=\"row-37 odd\">\n<td class=\"column-1\">C Punkt obrotu \u0142y\u017cki (do \u015brodka osi)<\/td>\n<td class=\"column-2\">mm<\/td>\n<td class=\"column-3\">461<\/td>\n<\/tr>\n<tr class=\"row-38 even\">\n<td class=\"column-1\">D Rozstaw osi<\/td>\n<td class=\"column-2\">mm<\/td>\n<td class=\"column-3\">1345<\/td>\n<\/tr>\n<tr class=\"row-39 odd\">\n<td class=\"column-1\">E Zwisy tylnego ko\u0142a<\/td>\n<td class=\"column-2\">mm<\/td>\n<td class=\"column-3\">904<\/td>\n<\/tr>\n<tr class=\"row-40 even\">\n<td class=\"column-1\">F Ca\u0142kowita wysoko\u015b\u0107<\/td>\n<td class=\"column-2\">mm<\/td>\n<td class=\"column-3\">2138<\/td>\n<\/tr>\n<tr class=\"row-41 odd\">\n<td class=\"column-1\">H Wysoko\u015b\u0107 siedzenia<\/td>\n<td class=\"column-2\">mm<\/td>\n<td class=\"column-3\">1178<\/td>\n<\/tr>\n<tr class=\"row-42 even\">\n<td class=\"column-1\">J Ca\u0142kowita wysoko\u015b\u0107 robocza<\/td>\n<td class=\"column-2\">mm<\/td>\n<td class=\"column-3\">3547<\/td>\n<\/tr>\n<tr class=\"row-43 odd\">\n<td class=\"column-1\">K Wysoko\u015b\u0107 osi obrotu \u0142y\u017cki (maks.)<\/td>\n<td class=\"column-2\">mm<\/td>\n<td class=\"column-3\">2781<\/td>\n<\/tr>\n<tr class=\"row-44 even\">\n<td class=\"column-1\">L Wysoko\u015b\u0107 za\u0142adunku<\/td>\n<td class=\"column-2\">mm<\/td>\n<td class=\"column-3\">2518<\/td>\n<\/tr>\n<tr class=\"row-45 odd\">\n<td class=\"column-1\">M Wysoko\u015b\u0107 roz\u0142adunku<\/td>\n<td class=\"column-2\">mm<\/td>\n<td class=\"column-3\">2007<\/td>\n<\/tr>\n<tr class=\"row-46 even\">\n<td class=\"column-1\">N Odleg\u0142o\u015b\u0107 \u0142y\u017cki od przedniego ko\u0142a (roz\u0142adunek)<\/td>\n<td class=\"column-2\">mm<\/td>\n<td class=\"column-3\">447<\/td>\n<\/tr>\n<tr class=\"row-47 odd\">\n<td class=\"column-1\">O G\u0142\u0119boko\u015b\u0107 kopania<\/td>\n<td class=\"column-2\">mm<\/td>\n<td class=\"column-3\">55<\/td>\n<\/tr>\n<tr class=\"row-48 even\">\n<td class=\"column-1\">P Ca\u0142kowita szeroko\u015b\u0107 (szeroka opona\/w\u0105ska opona)<\/td>\n<td class=\"column-2\">mm<\/td>\n<td class=\"column-3\">1106\/930<\/td>\n<\/tr>\n<tr class=\"row-49 odd\">\n<td class=\"column-1\">Q Szeroko\u015b\u0107 toru (szeroka opona\/w\u0105ska opona)<\/td>\n<td class=\"column-2\">mm<\/td>\n<td class=\"column-3\">801\/740<\/td>\n<\/tr>\n<tr class=\"row-50 even\">\n<td class=\"column-1\">S Prze\u015bwit<\/td>\n<td class=\"column-2\">mm<\/td>\n<td class=\"column-3\">198<\/td>\n<\/tr>\n<tr class=\"row-51 odd\">\n<td class=\"column-1\">T Min. zewn\u0119trzny promie\u0144 skr\u0119tu<\/td>\n<td class=\"column-2\">mm<\/td>\n<td class=\"column-3\">2268<\/td>\n<\/tr>\n<tr class=\"row-52 even\">\n<td class=\"column-1\">U Promie\u0144 na zewn\u0119trznej kraw\u0119dzi<\/td>\n<td class=\"column-2\">mm<\/td>\n<td class=\"column-3\">1796<\/td>\n<\/tr>\n<tr class=\"row-53 odd\">\n<td class=\"column-1\">V Wewn\u0119trzny promie\u0144 skr\u0119tu<\/td>\n<td class=\"column-2\">mm<\/td>\n<td class=\"column-3\">653<\/td>\n<\/tr>\n<tr class=\"row-54 even\">\n<td class=\"column-1\">W K\u0105t nachylenia<\/td>\n<td class=\"column-2\">\u00b0<\/td>\n<td class=\"column-3\">58<\/td>\n<\/tr>\n<tr class=\"row-55 odd\">\n<td class=\"column-1\">X K\u0105t odchylenia przy maksymalnej wysoko\u015bci podnoszenia<\/td>\n<td class=\"column-2\">\u00b0<\/td>\n<td class=\"column-3\">57<\/td>\n<\/tr>\n<tr class=\"row-56 even\">\n<td class=\"column-1\">Y K\u0105t roz\u0142adunku (maks.)<\/td>\n<td class=\"column-2\">\u00b0<\/td>\n<td class=\"column-3\">35<\/td>\n<\/tr>\n<tr class=\"row-57 odd\">\n<td class=\"column-1\">Z K\u0105t odchylenia (na ziemi)<\/td>\n<td class=\"column-2\">\u00b0<\/td>\n<td class=\"column-3\">38<\/td>\n<\/tr>\n<\/tbody>\n<\/table>","protected":false},"excerpt":{"rendered":"<p>Uwaga! Ze wzgl\u0119du na konieczno\u015b\u0107 indywidualnej wyceny dostawy, tego produktu nie mo\u017cna kupi\u0107 przez online. W celu zakupu prosimy o kontakt z naszym sklepem. SPECYFIKACJA Parametry wydajno\u015bci Z25 Podstawowe parametry Masa maszyny kg 1880 Nominowane obci\u0105\u017cenie operacyjne kg 800 Maksymalna pr\u0119dko\u015b\u0107 jazdy km\/h 0-12 System hydrauliczny Czyste sterowanie elektryczne Ci\u015bnienie robocze Mpa 18 Bateria Systemowa [&hellip;]<\/p>","protected":false},"featured_media":783,"comment_status":"open","ping_status":"closed","template":"","meta":{"_acf_changed":false},"product_brand":[],"product_cat":[47],"product_tag":[],"class_list":{"0":"post-780","1":"product","2":"type-product","3":"status-publish","4":"has-post-thumbnail","6":"product_cat-mini-ladowarki","8":"first","9":"instock","10":"taxable","11":"shipping-taxable","12":"purchasable","13":"product-type-simple"},"acf":[],"_links":{"self":[{"href":"https:\/\/sklep.nex-group.pl\/en\/wp-json\/wp\/v2\/product\/780","targetHints":{"allow":["GET"]}}],"collection":[{"href":"https:\/\/sklep.nex-group.pl\/en\/wp-json\/wp\/v2\/product"}],"about":[{"href":"https:\/\/sklep.nex-group.pl\/en\/wp-json\/wp\/v2\/types\/product"}],"replies":[{"embeddable":true,"href":"https:\/\/sklep.nex-group.pl\/en\/wp-json\/wp\/v2\/comments?post=780"}],"wp:featuredmedia":[{"embeddable":true,"href":"https:\/\/sklep.nex-group.pl\/en\/wp-json\/wp\/v2\/media\/783"}],"wp:attachment":[{"href":"https:\/\/sklep.nex-group.pl\/en\/wp-json\/wp\/v2\/media?parent=780"}],"wp:term":[{"taxonomy":"product_brand","embeddable":true,"href":"https:\/\/sklep.nex-group.pl\/en\/wp-json\/wp\/v2\/product_brand?post=780"},{"taxonomy":"product_cat","embeddable":true,"href":"https:\/\/sklep.nex-group.pl\/en\/wp-json\/wp\/v2\/product_cat?post=780"},{"taxonomy":"product_tag","embeddable":true,"href":"https:\/\/sklep.nex-group.pl\/en\/wp-json\/wp\/v2\/product_tag?post=780"}],"curies":[{"name":"wp","href":"https:\/\/api.w.org\/{rel}","templated":true}]}}