{"id":842,"date":"2024-08-29T11:02:45","date_gmt":"2024-08-29T09:02:45","guid":{"rendered":"https:\/\/sklep.nex-group.pl\/?post_type=product&#038;p=842"},"modified":"2025-03-21T13:01:33","modified_gmt":"2025-03-21T12:01:33","slug":"burty-skrzyni-ladunkowej-do-wozidla-nex-300kg","status":"publish","type":"product","link":"https:\/\/sklep.nex-group.pl\/en\/product\/burty-skrzyni-ladunkowej-do-wozidla-nex-300kg\/","title":{"rendered":"Burty skrzyni \u0142adunkowej do wozid\u0142a NEX 300kg"},"content":{"rendered":"<p>&nbsp;<\/p>\n<p>Burty podwy\u017cszaj\u0105ce pojemno\u015b\u0107 wozid\u0142a o oko\u0142o 36 cm. Kompletne nadstawki do taczek, wozide\u0142 czy transporter\u00f3w. Niezast\u0105pione przy transporcie sypkich towar\u00f3w takich jak trawa, siano, piach czy s\u0142oma.<\/p>","protected":false},"excerpt":{"rendered":"<p>&nbsp; Burty podwy\u017cszaj\u0105ce pojemno\u015b\u0107 wozid\u0142a o oko\u0142o 36 cm. Kompletne nadstawki do taczek, wozide\u0142 czy transporter\u00f3w. Niezast\u0105pione przy transporcie sypkich towar\u00f3w takich jak trawa, siano, piach czy s\u0142oma.<\/p>","protected":false},"featured_media":843,"comment_status":"open","ping_status":"closed","template":"","meta":{"_acf_changed":false},"product_brand":[],"product_cat":[32],"product_tag":[],"class_list":{"0":"post-842","1":"product","2":"type-product","3":"status-publish","4":"has-post-thumbnail","6":"product_cat-osprzet","7":"product_shipping_class-klasa-7","9":"first","10":"instock","11":"taxable","12":"shipping-taxable","13":"purchasable","14":"product-type-simple"},"acf":[],"_links":{"self":[{"href":"https:\/\/sklep.nex-group.pl\/en\/wp-json\/wp\/v2\/product\/842","targetHints":{"allow":["GET"]}}],"collection":[{"href":"https:\/\/sklep.nex-group.pl\/en\/wp-json\/wp\/v2\/product"}],"about":[{"href":"https:\/\/sklep.nex-group.pl\/en\/wp-json\/wp\/v2\/types\/product"}],"replies":[{"embeddable":true,"href":"https:\/\/sklep.nex-group.pl\/en\/wp-json\/wp\/v2\/comments?post=842"}],"wp:featuredmedia":[{"embeddable":true,"href":"https:\/\/sklep.nex-group.pl\/en\/wp-json\/wp\/v2\/media\/843"}],"wp:attachment":[{"href":"https:\/\/sklep.nex-group.pl\/en\/wp-json\/wp\/v2\/media?parent=842"}],"wp:term":[{"taxonomy":"product_brand","embeddable":true,"href":"https:\/\/sklep.nex-group.pl\/en\/wp-json\/wp\/v2\/product_brand?post=842"},{"taxonomy":"product_cat","embeddable":true,"href":"https:\/\/sklep.nex-group.pl\/en\/wp-json\/wp\/v2\/product_cat?post=842"},{"taxonomy":"product_tag","embeddable":true,"href":"https:\/\/sklep.nex-group.pl\/en\/wp-json\/wp\/v2\/product_tag?post=842"}],"curies":[{"name":"wp","href":"https:\/\/api.w.org\/{rel}","templated":true}]}}