{"id":846,"date":"2024-08-20T12:15:39","date_gmt":"2024-08-20T10:15:39","guid":{"rendered":"https:\/\/sklep.nex-group.pl\/?post_type=product&#038;p=846"},"modified":"2025-06-12T07:26:43","modified_gmt":"2025-06-12T05:26:43","slug":"plug-sniezny-do-wozidla-nex-300kg","status":"publish","type":"product","link":"https:\/\/sklep.nex-group.pl\/en\/product\/plug-sniezny-do-wozidla-nex-300kg\/","title":{"rendered":"P\u0142ug \u015bnie\u017cny do wozid\u0142a NEX 300kg"},"content":{"rendered":"<p>P\u0142ug \u015bnie\u017cny wozid\u0142a NEX 300kg.<\/p>","protected":false},"excerpt":{"rendered":"<p>P\u0142ug \u015bnie\u017cny wozid\u0142a NEX 300kg.<\/p>","protected":false},"featured_media":852,"comment_status":"open","ping_status":"closed","template":"","meta":{"_acf_changed":false},"product_brand":[],"product_cat":[32],"product_tag":[],"class_list":{"0":"post-846","1":"product","2":"type-product","3":"status-publish","4":"has-post-thumbnail","6":"product_cat-osprzet","7":"product_shipping_class-klasa-5","9":"first","10":"instock","11":"taxable","12":"shipping-taxable","13":"purchasable","14":"product-type-simple"},"acf":[],"_links":{"self":[{"href":"https:\/\/sklep.nex-group.pl\/en\/wp-json\/wp\/v2\/product\/846","targetHints":{"allow":["GET"]}}],"collection":[{"href":"https:\/\/sklep.nex-group.pl\/en\/wp-json\/wp\/v2\/product"}],"about":[{"href":"https:\/\/sklep.nex-group.pl\/en\/wp-json\/wp\/v2\/types\/product"}],"replies":[{"embeddable":true,"href":"https:\/\/sklep.nex-group.pl\/en\/wp-json\/wp\/v2\/comments?post=846"}],"wp:featuredmedia":[{"embeddable":true,"href":"https:\/\/sklep.nex-group.pl\/en\/wp-json\/wp\/v2\/media\/852"}],"wp:attachment":[{"href":"https:\/\/sklep.nex-group.pl\/en\/wp-json\/wp\/v2\/media?parent=846"}],"wp:term":[{"taxonomy":"product_brand","embeddable":true,"href":"https:\/\/sklep.nex-group.pl\/en\/wp-json\/wp\/v2\/product_brand?post=846"},{"taxonomy":"product_cat","embeddable":true,"href":"https:\/\/sklep.nex-group.pl\/en\/wp-json\/wp\/v2\/product_cat?post=846"},{"taxonomy":"product_tag","embeddable":true,"href":"https:\/\/sklep.nex-group.pl\/en\/wp-json\/wp\/v2\/product_tag?post=846"}],"curies":[{"name":"wp","href":"https:\/\/api.w.org\/{rel}","templated":true}]}}