{"id":926,"date":"2024-08-20T12:14:19","date_gmt":"2024-08-20T10:14:19","guid":{"rendered":"https:\/\/sklep.nex-group.pl\/?post_type=product&#038;p=926"},"modified":"2024-09-26T11:41:27","modified_gmt":"2024-09-26T09:41:27","slug":"koparka-lancuchowa","status":"publish","type":"product","link":"https:\/\/sklep.nex-group.pl\/en\/product\/koparka-lancuchowa\/","title":{"rendered":"Koparka \u0142a\u0144cuchowa"},"content":{"rendered":"<p>Moc: silnik 15 KM, rozruch<\/p>\n<p>Szeroko\u015b\u0107 wykopu: 100 mm<\/p>\n<p>G\u0142\u0119boko\u015b\u0107 wykopu: 600 mm<\/p>\n<p>Liczba ostrzy: 27 szt<\/p>\n<p>Materia\u0142 ostrza: stop w\u0119glika spiekanego<\/p>\n<p>D\u0142ugo\u015b\u0107 \u0142a\u0144cucha: 2000 mm<\/p>\n<p>Pr\u0119dko\u015b\u0107 \u0142a\u0144cucha: 550 m \/ min<\/p>\n<p>Wymiar: 2100 * 720 * 1100 mm<\/p>\n<p>Waga: 185kg<\/p>\n<p>Wymiary: 115 * 76 * 85 cm<\/p>\n<p>&nbsp;<\/p>","protected":false},"excerpt":{"rendered":"<p>Moc: silnik 15 KM, rozruch Szeroko\u015b\u0107 wykopu: 100 mm G\u0142\u0119boko\u015b\u0107 wykopu: 600 mm Liczba ostrzy: 27 szt Materia\u0142 ostrza: stop w\u0119glika spiekanego D\u0142ugo\u015b\u0107 \u0142a\u0144cucha: 2000 mm Pr\u0119dko\u015b\u0107 \u0142a\u0144cucha: 550 m \/ min Wymiar: 2100 * 720 * 1100 mm Waga: 185kg Wymiary: 115 * 76 * 85 cm &nbsp;<\/p>","protected":false},"featured_media":944,"comment_status":"open","ping_status":"closed","template":"","meta":{"_acf_changed":false},"product_brand":[],"product_cat":[51],"product_tag":[],"class_list":{"0":"post-926","1":"product","2":"type-product","3":"status-publish","4":"has-post-thumbnail","6":"product_cat-koparki-lancuchowe","7":"product_shipping_class-klasa-2","9":"first","10":"outofstock","11":"taxable","12":"shipping-taxable","13":"purchasable","14":"product-type-simple"},"acf":[],"_links":{"self":[{"href":"https:\/\/sklep.nex-group.pl\/en\/wp-json\/wp\/v2\/product\/926","targetHints":{"allow":["GET"]}}],"collection":[{"href":"https:\/\/sklep.nex-group.pl\/en\/wp-json\/wp\/v2\/product"}],"about":[{"href":"https:\/\/sklep.nex-group.pl\/en\/wp-json\/wp\/v2\/types\/product"}],"replies":[{"embeddable":true,"href":"https:\/\/sklep.nex-group.pl\/en\/wp-json\/wp\/v2\/comments?post=926"}],"wp:featuredmedia":[{"embeddable":true,"href":"https:\/\/sklep.nex-group.pl\/en\/wp-json\/wp\/v2\/media\/944"}],"wp:attachment":[{"href":"https:\/\/sklep.nex-group.pl\/en\/wp-json\/wp\/v2\/media?parent=926"}],"wp:term":[{"taxonomy":"product_brand","embeddable":true,"href":"https:\/\/sklep.nex-group.pl\/en\/wp-json\/wp\/v2\/product_brand?post=926"},{"taxonomy":"product_cat","embeddable":true,"href":"https:\/\/sklep.nex-group.pl\/en\/wp-json\/wp\/v2\/product_cat?post=926"},{"taxonomy":"product_tag","embeddable":true,"href":"https:\/\/sklep.nex-group.pl\/en\/wp-json\/wp\/v2\/product_tag?post=926"}],"curies":[{"name":"wp","href":"https:\/\/api.w.org\/{rel}","templated":true}]}}