{"id":927,"date":"2024-08-20T12:13:56","date_gmt":"2024-08-20T10:13:56","guid":{"rendered":"https:\/\/sklep.nex-group.pl\/?post_type=product&#038;p=927"},"modified":"2025-04-11T12:37:48","modified_gmt":"2025-04-11T10:37:48","slug":"rebak-elektryczny-ec50","status":"publish","type":"product","link":"https:\/\/sklep.nex-group.pl\/en\/product\/rebak-elektryczny-ec50\/","title":{"rendered":"R\u0119bak elektryczny EC50"},"content":{"rendered":"<p>&nbsp;<\/p>\n<table style=\"height: 328px;\" width=\"765\">\n<tbody>\n<tr>\n<td width=\"238\">Waga :<\/td>\n<td width=\"538\">48 kg<\/td>\n<\/tr>\n<tr>\n<td width=\"238\">Zasilanie<\/td>\n<td width=\"538\">Elektryczne<\/td>\n<\/tr>\n<tr>\n<td width=\"238\">Moc<\/td>\n<td width=\"538\">2.8 KW.<\/td>\n<\/tr>\n<tr>\n<td width=\"238\">pojemno\u015b\u0107 zbiornika<\/td>\n<td width=\"538\">65l<\/td>\n<\/tr>\n<tr>\n<td width=\"238\">maksymalna \u015brednica ci\u0119cia<\/td>\n<td width=\"538\">35mm.<\/td>\n<\/tr>\n<\/tbody>\n<\/table>\n<p>R\u0119bak NEX EC50, doskonale sprawdzi si\u0119 do pracy w ogrodzie, rozdrabniaj\u0105c ga\u0142\u0119zie na ma\u0142e kawa\u0142ki.<br \/>\nMaszyna nap\u0119dzana jest silnikiem elektrycznym o mocy 2.8 KW. R\u0119bak wa\u017cy 48kg, wyposa\u017cony zosta\u0142 w przeno\u015bne podwozie i k\u00f3\u0142ka, kt\u00f3re umo\u017cliwiaj\u0105 manewrowanie w nier\u00f3wnym terenie, oraz u\u0142atwiaj\u0105 transport.<\/p>\n<p>Specyfikacja urz\u0105dzenia :<\/p>\n<ul>\n<li>Maksymalna \u015brednica ga\u0142\u0119zi 35mm<\/li>\n<li>G\u0142owica robocza \u2013 b\u0119ben z no\u017cami<\/li>\n<li>Ilo\u015b\u0107 no\u017cy 3szt \u2013 2 x no\u017ce na b\u0119bnie + 1 x oporowy<\/li>\n<li>No\u017ce wykonane ze stali CR12<\/li>\n<li>Bezpo\u015brednie przeniesienie nap\u0119du z silnika na g\u0142owic\u0119 rozdrabniaj\u0105c\u0105<\/li>\n<li>wysuwany Pojemnik na zr\u0119bki o pojemno\u015bci 65L (40x39x40cm)<\/li>\n<li>Kosz spadowy wykonany z grubego p\u0142\u00f3tna<\/li>\n<li>Ko\u0142a transportowe pe\u0142ne 25,4cm (10\u201d)<\/li>\n<li>Rozmiary po z\u0142o\u017ceniu 100x65x110cm (d\u0142\/szer\/wys)<\/li>\n<li>Maszyna zasilana 230 V<\/li>\n<\/ul>","protected":false},"excerpt":{"rendered":"<p>&nbsp; Waga : 48 kg Zasilanie Elektryczne Moc 2.8 KW. pojemno\u015b\u0107 zbiornika 65l maksymalna \u015brednica ci\u0119cia 35mm. R\u0119bak NEX EC50, doskonale sprawdzi si\u0119 do pracy w ogrodzie, rozdrabniaj\u0105c ga\u0142\u0119zie na ma\u0142e kawa\u0142ki. Maszyna nap\u0119dzana jest silnikiem elektrycznym o mocy 2.8 KW. R\u0119bak wa\u017cy 48kg, wyposa\u017cony zosta\u0142 w przeno\u015bne podwozie i k\u00f3\u0142ka, kt\u00f3re umo\u017cliwiaj\u0105 manewrowanie w [&hellip;]<\/p>","protected":false},"featured_media":939,"comment_status":"open","ping_status":"closed","template":"","meta":{"_acf_changed":false},"product_brand":[],"product_cat":[50],"product_tag":[],"class_list":{"0":"post-927","1":"product","2":"type-product","3":"status-publish","4":"has-post-thumbnail","6":"product_cat-rebaki","7":"product_shipping_class-klasa-4","9":"first","10":"instock","11":"taxable","12":"shipping-taxable","13":"purchasable","14":"product-type-simple"},"acf":[],"_links":{"self":[{"href":"https:\/\/sklep.nex-group.pl\/en\/wp-json\/wp\/v2\/product\/927","targetHints":{"allow":["GET"]}}],"collection":[{"href":"https:\/\/sklep.nex-group.pl\/en\/wp-json\/wp\/v2\/product"}],"about":[{"href":"https:\/\/sklep.nex-group.pl\/en\/wp-json\/wp\/v2\/types\/product"}],"replies":[{"embeddable":true,"href":"https:\/\/sklep.nex-group.pl\/en\/wp-json\/wp\/v2\/comments?post=927"}],"wp:featuredmedia":[{"embeddable":true,"href":"https:\/\/sklep.nex-group.pl\/en\/wp-json\/wp\/v2\/media\/939"}],"wp:attachment":[{"href":"https:\/\/sklep.nex-group.pl\/en\/wp-json\/wp\/v2\/media?parent=927"}],"wp:term":[{"taxonomy":"product_brand","embeddable":true,"href":"https:\/\/sklep.nex-group.pl\/en\/wp-json\/wp\/v2\/product_brand?post=927"},{"taxonomy":"product_cat","embeddable":true,"href":"https:\/\/sklep.nex-group.pl\/en\/wp-json\/wp\/v2\/product_cat?post=927"},{"taxonomy":"product_tag","embeddable":true,"href":"https:\/\/sklep.nex-group.pl\/en\/wp-json\/wp\/v2\/product_tag?post=927"}],"curies":[{"name":"wp","href":"https:\/\/api.w.org\/{rel}","templated":true}]}}