{"id":928,"date":"2024-08-20T12:14:44","date_gmt":"2024-08-20T10:14:44","guid":{"rendered":"https:\/\/sklep.nex-group.pl\/?post_type=product&#038;p=928"},"modified":"2025-02-21T10:57:08","modified_gmt":"2025-02-21T09:57:08","slug":"rebak-spalinowy-p4206","status":"publish","type":"product","link":"https:\/\/sklep.nex-group.pl\/en\/product\/rebak-spalinowy-p4206\/","title":{"rendered":"R\u0119bak spalinowy P4206"},"content":{"rendered":"<table width=\"776\">\n<tbody>\n<tr>\n<td width=\"238\">Waga<\/td>\n<td width=\"538\">255 kg<\/td>\n<\/tr>\n<tr>\n<td width=\"238\">Zasilanie<\/td>\n<td width=\"538\">\u00a0spalinowe<\/td>\n<\/tr>\n<tr>\n<td width=\"238\">Moc silnika spalinowego<\/td>\n<td width=\"538\">15 \u00a0KM<\/td>\n<\/tr>\n<tr>\n<td width=\"238\">\u015arednica b\u0119bna<\/td>\n<td width=\"538\">350 mm<\/td>\n<\/tr>\n<tr>\n<td width=\"238\">Pojemno\u015b\u0107 zbiornika<\/td>\n<td width=\"538\">420<\/td>\n<\/tr>\n<\/tbody>\n<\/table>\n<p>&nbsp;<\/p>\n<p>R\u0119bak Spalinowy NEX P4206 jest doskona\u0142ym sprz\u0119tem do pracy w ogrodzie, idealnie sprawdzi si\u0119 do rozdrabniania ga\u0142\u0119zi. Maszyna zosta\u0142a wyposa\u017cona w silnik LONCIN o pojemno\u015bci 420 cm\u00b3, oraz b\u0119ben wa\u017c\u0105cy 32kg, o \u015brednicy 350mm. Urz\u0105dzenie \u015bwietnie sobie radzi z ga\u0142\u0119ziami o r\u00f3\u017cnych rozmiarach, a maksymalna grubo\u015b\u0107 ci\u0119cia to 15cm. Waga oraz rozmiary umo\u017cliwiaj\u0105 \u0142atwy i bezpieczny transport maszyny.<\/p>","protected":false},"excerpt":{"rendered":"<p>Waga 255 kg Zasilanie \u00a0spalinowe Moc silnika spalinowego 15 \u00a0KM \u015arednica b\u0119bna 350 mm Pojemno\u015b\u0107 zbiornika 420 &nbsp; R\u0119bak Spalinowy NEX P4206 jest doskona\u0142ym sprz\u0119tem do pracy w ogrodzie, idealnie sprawdzi si\u0119 do rozdrabniania ga\u0142\u0119zi. Maszyna zosta\u0142a wyposa\u017cona w silnik LONCIN o pojemno\u015bci 420 cm\u00b3, oraz b\u0119ben wa\u017c\u0105cy 32kg, o \u015brednicy 350mm. Urz\u0105dzenie \u015bwietnie sobie [&hellip;]<\/p>","protected":false},"featured_media":929,"comment_status":"open","ping_status":"closed","template":"","meta":{"_acf_changed":false},"product_brand":[],"product_cat":[50],"product_tag":[],"class_list":{"0":"post-928","1":"product","2":"type-product","3":"status-publish","4":"has-post-thumbnail","6":"product_cat-rebaki","7":"product_shipping_class-klasa-3","9":"first","10":"outofstock","11":"taxable","12":"shipping-taxable","13":"purchasable","14":"product-type-simple"},"acf":[],"_links":{"self":[{"href":"https:\/\/sklep.nex-group.pl\/en\/wp-json\/wp\/v2\/product\/928","targetHints":{"allow":["GET"]}}],"collection":[{"href":"https:\/\/sklep.nex-group.pl\/en\/wp-json\/wp\/v2\/product"}],"about":[{"href":"https:\/\/sklep.nex-group.pl\/en\/wp-json\/wp\/v2\/types\/product"}],"replies":[{"embeddable":true,"href":"https:\/\/sklep.nex-group.pl\/en\/wp-json\/wp\/v2\/comments?post=928"}],"wp:featuredmedia":[{"embeddable":true,"href":"https:\/\/sklep.nex-group.pl\/en\/wp-json\/wp\/v2\/media\/929"}],"wp:attachment":[{"href":"https:\/\/sklep.nex-group.pl\/en\/wp-json\/wp\/v2\/media?parent=928"}],"wp:term":[{"taxonomy":"product_brand","embeddable":true,"href":"https:\/\/sklep.nex-group.pl\/en\/wp-json\/wp\/v2\/product_brand?post=928"},{"taxonomy":"product_cat","embeddable":true,"href":"https:\/\/sklep.nex-group.pl\/en\/wp-json\/wp\/v2\/product_cat?post=928"},{"taxonomy":"product_tag","embeddable":true,"href":"https:\/\/sklep.nex-group.pl\/en\/wp-json\/wp\/v2\/product_tag?post=928"}],"curies":[{"name":"wp","href":"https:\/\/api.w.org\/{rel}","templated":true}]}}