{"id":932,"date":"2024-08-20T12:13:23","date_gmt":"2024-08-20T10:13:23","guid":{"rendered":"https:\/\/sklep.nex-group.pl\/?post_type=product&#038;p=932"},"modified":"2025-03-27T14:12:41","modified_gmt":"2025-03-27T13:12:41","slug":"rebak-gc50","status":"publish","type":"product","link":"https:\/\/sklep.nex-group.pl\/en\/product\/rebak-gc50\/","title":{"rendered":"R\u0119bak GC50"},"content":{"rendered":"<table width=\"776\">\n<tbody>\n<tr>\n<td width=\"238\">Waga produktu z opakowaniem jednostkowym<\/td>\n<td width=\"538\">55 kg<\/td>\n<\/tr>\n<tr>\n<td width=\"238\">Zasilanie<\/td>\n<td width=\"538\">Spalinowe<\/td>\n<\/tr>\n<tr>\n<td width=\"238\">Moc silnika spalinowego<\/td>\n<td width=\"538\">7 KM<\/td>\n<\/tr>\n<tr>\n<td width=\"238\">pojemno\u015b\u0107 zbiornika<\/td>\n<td width=\"538\">65l<\/td>\n<\/tr>\n<tr>\n<td width=\"238\"><\/td>\n<td width=\"538\"><\/td>\n<\/tr>\n<\/tbody>\n<\/table>\n<p>R\u0119bak NEX GC50, doskonale sprawdzi si\u0119 do pracy w ogrodzie, rozdrabniaj\u0105c ga\u0142\u0119zie na ma\u0142e kawa\u0142ki.<br \/>\nMaszyna nap\u0119dzana jest benzynowym silnikiem LONCIN o mocy 7KM. R\u0119bak wa\u017cy 55kg, wyposa\u017cony zosta\u0142 w przeno\u015bne podwozie i k\u00f3\u0142ka, kt\u00f3re umo\u017cliwiaj\u0105 manewrowanie w nier\u00f3wnym terenie, oraz u\u0142atwiaj\u0105 transport.<\/p>","protected":false},"excerpt":{"rendered":"<p>Waga produktu z opakowaniem jednostkowym 55 kg Zasilanie Spalinowe Moc silnika spalinowego 7 KM pojemno\u015b\u0107 zbiornika 65l R\u0119bak NEX GC50, doskonale sprawdzi si\u0119 do pracy w ogrodzie, rozdrabniaj\u0105c ga\u0142\u0119zie na ma\u0142e kawa\u0142ki. Maszyna nap\u0119dzana jest benzynowym silnikiem LONCIN o mocy 7KM. R\u0119bak wa\u017cy 55kg, wyposa\u017cony zosta\u0142 w przeno\u015bne podwozie i k\u00f3\u0142ka, kt\u00f3re umo\u017cliwiaj\u0105 manewrowanie w [&hellip;]<\/p>","protected":false},"featured_media":933,"comment_status":"open","ping_status":"closed","template":"","meta":{"_acf_changed":false},"product_brand":[],"product_cat":[50],"product_tag":[],"class_list":{"0":"post-932","1":"product","2":"type-product","3":"status-publish","4":"has-post-thumbnail","6":"product_cat-rebaki","7":"product_shipping_class-klasa-4","9":"first","10":"instock","11":"taxable","12":"shipping-taxable","13":"purchasable","14":"product-type-simple"},"acf":[],"_links":{"self":[{"href":"https:\/\/sklep.nex-group.pl\/en\/wp-json\/wp\/v2\/product\/932","targetHints":{"allow":["GET"]}}],"collection":[{"href":"https:\/\/sklep.nex-group.pl\/en\/wp-json\/wp\/v2\/product"}],"about":[{"href":"https:\/\/sklep.nex-group.pl\/en\/wp-json\/wp\/v2\/types\/product"}],"replies":[{"embeddable":true,"href":"https:\/\/sklep.nex-group.pl\/en\/wp-json\/wp\/v2\/comments?post=932"}],"wp:featuredmedia":[{"embeddable":true,"href":"https:\/\/sklep.nex-group.pl\/en\/wp-json\/wp\/v2\/media\/933"}],"wp:attachment":[{"href":"https:\/\/sklep.nex-group.pl\/en\/wp-json\/wp\/v2\/media?parent=932"}],"wp:term":[{"taxonomy":"product_brand","embeddable":true,"href":"https:\/\/sklep.nex-group.pl\/en\/wp-json\/wp\/v2\/product_brand?post=932"},{"taxonomy":"product_cat","embeddable":true,"href":"https:\/\/sklep.nex-group.pl\/en\/wp-json\/wp\/v2\/product_cat?post=932"},{"taxonomy":"product_tag","embeddable":true,"href":"https:\/\/sklep.nex-group.pl\/en\/wp-json\/wp\/v2\/product_tag?post=932"}],"curies":[{"name":"wp","href":"https:\/\/api.w.org\/{rel}","templated":true}]}}